{"id":355,"date":"2024-03-17T23:47:38","date_gmt":"2024-03-17T23:47:38","guid":{"rendered":"https:\/\/stable-stuff.com\/?page_id=355"},"modified":"2024-11-06T20:12:24","modified_gmt":"2024-11-06T20:12:24","slug":"impressum","status":"publish","type":"page","link":"https:\/\/stable-stuff.com\/en\/impressum\/","title":{"rendered":"Impressum"},"content":{"rendered":"<div data-elementor-type=\"wp-page\" data-elementor-id=\"355\" class=\"elementor elementor-355\">\n\t\t\t\t<div class=\"elementor-element elementor-element-0b0eb88 e-con-full e-flex e-con e-parent\" data-id=\"0b0eb88\" data-element_type=\"container\" data-e-type=\"container\" data-settings=\"{&quot;background_background&quot;:&quot;classic&quot;}\">\n\t\t\t\t<div class=\"elementor-element elementor-element-10a6c96 elementor-widget elementor-widget-heading\" data-id=\"10a6c96\" data-element_type=\"widget\" data-e-type=\"widget\" data-widget_type=\"heading.default\">\n\t\t\t\t<div class=\"elementor-widget-container\">\n\t\t\t\t\t<h1 class=\"elementor-heading-title elementor-size-default\">Impressum<\/h1>\t\t\t\t<\/div>\n\t\t\t\t<\/div>\n\t\t\t\t<\/div>\n\t\t<div class=\"elementor-element elementor-element-ff80705 e-flex e-con-boxed e-con e-parent\" data-id=\"ff80705\" data-element_type=\"container\" data-e-type=\"container\">\n\t\t\t\t\t<div class=\"e-con-inner\">\n\t\t\t\t<div class=\"elementor-element elementor-element-108cc001 elementor-widget elementor-widget-text-editor\" data-id=\"108cc001\" data-element_type=\"widget\" data-e-type=\"widget\" data-widget_type=\"text-editor.default\">\n\t\t\t\t<div class=\"elementor-widget-container\">\n\t\t\t\t\t\t\t\t\t<h2 id=\"m46\"><strong>Diensteanbieter<\/strong><\/h2>\n<p>Stable-Stuff, Pferdegesundheits-Blog, eBooks und Kurse<br \/>Kerstin Semmelmann<br \/>M\u00fchlenweg 1<br \/>56307 Harschbach<\/p>\n<p>\u00a0<\/p>\n<h2 id=\"m56\"><strong>Kontaktm\u00f6glichkeiten<\/strong><\/h2>\n<p><strong>E-Mail-Adresse: <\/strong>hallo@stable-stuff.com<\/p>\n<p><strong>Kontaktformular<\/strong>: www.stable-stuff.com\/kontakt<\/p>\n<p>\u00a0<\/p>\n<h2 id=\"m3589\"><strong>Audiovisuelle Mediendienste<\/strong><\/h2>\n<p>Sitzland: Deutschland.<\/p>\n<p>\u00a0<\/p>\n<h2 id=\"m174\"><strong>Streitschlichtung und Verbraucherstreitbeilegung<\/strong><\/h2>\n<p>Die Europ\u00e4ische Kommission stellt eine Plattform zur Online-Streitbeilegung (OS) bereit, die Sie unter <a href=\"https:\/\/ec.europa.eu\/consumers\/odr\/\" target=\"_blank\" rel=\"noopener\">https:\/\/ec.europa.eu\/consumers\/odr\/<\/a> finden. Verbraucher haben die M\u00f6glichkeit, diese Plattform f\u00fcr die Beilegung ihrer Streitigkeiten zu nutzen.<\/p>\n<p>Wir sind nicht bereit und nicht verpflichtet an einem Streitbeilegungsverfahren vor einer Verbraucherstreitschlichtungsstelle teilzunehmen.<\/p>\n<p>\u00a0<\/p>\n<h2 id=\"m172\"><strong>Social Media und andere Onlinepr\u00e4senzen<\/strong><\/h2>\n<p>Dieses Impressum gilt auch f\u00fcr die folgenden Social-Media-Pr\u00e4senzen und Onlineprofile:<\/p>\n<p><a href=\"https:\/\/facebook.com\/stablestuff4horses\" target=\"_blank\" rel=\"noopener\">https:\/\/facebook.com\/stablestuff_pferdegesundheit<\/a><\/p>\n<p><a href=\"https:\/\/instagram.com\/stablestuff4horses\" target=\"_blank\" rel=\"noopener\">https:\/\/instagram.com\/stablestuff_pferdegesundheit<\/a><\/p>\n<p><a href=\"https:\/\/www.tiktok.com\/@stable_stuff\" target=\"_blank\" rel=\"noopener\">https:\/\/www.tiktok.com\/@stable_stuff<\/a><\/p>\n<h2>\u00a0<\/h2>\n<h2 id=\"m65\"><strong>Haftungs- und Schutzrechtshinweise<\/strong><\/h2>\n<p>Haftungsausschluss: Die Inhalte dieses Onlineangebotes wurden sorgf\u00e4ltig und nach unserem aktuellen Kenntnisstand erstellt, dienen jedoch nur der Information und entfalten keine rechtlich bindende Wirkung, sofern es sich nicht um gesetzlich verpflichtende Informationen (z.\u00a0B. das Impressum, die Datenschutzerkl\u00e4rung, AGB oder verpflichtende Belehrungen von Verbrauchern) handelt. Wir behalten uns vor, die Inhalte vollst\u00e4ndig oder teilweise zu \u00e4ndern oder zu l\u00f6schen, soweit vertragliche Verpflichtungen unber\u00fchrt bleiben. Alle Angebote sind freibleibend und unverbindlich.<\/p>\n<p>Links auf fremde Webseiten: Die Inhalte fremder Webseiten, auf die wir direkt oder indirekt verweisen, liegen au\u00dferhalb unseres Verantwortungsbereiches und wir machen sie uns nicht zu Eigen. F\u00fcr alle Inhalte und Nachteile, die aus der Nutzung der in den verlinkten Webseiten aufrufbaren Informationen entstehen, \u00fcbernehmen wir keine Verantwortung.<\/p>\n<p>Urheberrechte und Markenrechte: Alle auf dieser Website dargestellten Inhalte, wie Texte, Fotografien, Grafiken, Marken und Warenzeichen sind durch die jeweiligen Schutzrechte (Urheberrechte, Markenrechte) gesch\u00fctzt. Die Verwendung, Vervielf\u00e4ltigung usw. unterliegen unseren Rechten oder den Rechten der jeweiligen Urheber bzw. Rechteinhaber.<\/p>\n<p>Hinweise auf Rechtsverst\u00f6\u00dfe: Sollten Sie innerhalb unseres Internetauftritts Rechtsverst\u00f6\u00dfe bemerken, bitten wir Sie uns auf diese hinzuweisen. Wir werden rechtswidrige Inhalte und Links nach Kenntnisnahme unverz\u00fcglich entfernen.<\/p>\n<h2>\u00a0<\/h2>\n<h2 id=\"m169\"><strong>Bildnachweise<\/strong><\/h2>\n<p><strong>Bildquellen und Urheberrechtshinweise:<\/strong><\/p>\n<p>Bild von Erdenebayar Bayansan auf Pixabay<\/p>\n<p>Bild von Rebecca Scholz auf Pixabay<\/p>\n<p>Bild von SorcerySoap HocusPocus auf Pixabay<\/p>\n<p>Bild von Silvia auf Pixabay<\/p>\n<p>Bild von Wolfgang Rei auf Pixabay<\/p>\n<p class=\"seal\"><a title=\"Rechtstext von Dr. Schwenke - f\u00fcr weitere Informationen bitte anklicken.\" href=\"https:\/\/datenschutz-generator.de\/\" target=\"_blank\" rel=\"noopener noreferrer nofollow\">Erstellt mit kostenlosem Datenschutz-Generator.de von Dr. Thomas Schwenke<\/a><\/p>\n<p>\u00a0<\/p>\n<p><!-- \/wp:paragraph --><\/p>\t\t\t\t\t\t\t\t<\/div>\n\t\t\t\t<\/div>\n\t\t\t\t\t<\/div>\n\t\t\t\t<\/div>\n\t\t\t\t<\/div>","protected":false},"excerpt":{"rendered":"<p>Impressum Diensteanbieter Stable-Stuff, Pferdegesundheits-Blog, eBooks und KurseKerstin SemmelmannM\u00fchlenweg 156307 Harschbach \u00a0 Kontaktm\u00f6glichkeiten E-Mail-Adresse: hallo@stable-stuff.com Kontaktformular: www.stable-stuff.com\/kontakt \u00a0 Audiovisuelle Mediendienste Sitzland: Deutschland. \u00a0 Streitschlichtung und Verbraucherstreitbeilegung Die Europ\u00e4ische Kommission stellt eine Plattform zur Online-Streitbeilegung (OS) bereit, die Sie unter https:\/\/ec.europa.eu\/consumers\/odr\/ finden. Verbraucher haben die M\u00f6glichkeit, diese Plattform f\u00fcr die Beilegung ihrer Streitigkeiten zu nutzen. Wir sind [&hellip;]<\/p>\n","protected":false},"author":1,"featured_media":0,"parent":0,"menu_order":0,"comment_status":"closed","ping_status":"closed","template":"elementor_header_footer","meta":{"footnotes":""},"class_list":["post-355","page","type-page","status-publish","hentry"],"_links":{"self":[{"href":"https:\/\/stable-stuff.com\/en\/wp-json\/wp\/v2\/pages\/355","targetHints":{"allow":["GET"]}}],"collection":[{"href":"https:\/\/stable-stuff.com\/en\/wp-json\/wp\/v2\/pages"}],"about":[{"href":"https:\/\/stable-stuff.com\/en\/wp-json\/wp\/v2\/types\/page"}],"author":[{"embeddable":true,"href":"https:\/\/stable-stuff.com\/en\/wp-json\/wp\/v2\/users\/1"}],"replies":[{"embeddable":true,"href":"https:\/\/stable-stuff.com\/en\/wp-json\/wp\/v2\/comments?post=355"}],"version-history":[{"count":3,"href":"https:\/\/stable-stuff.com\/en\/wp-json\/wp\/v2\/pages\/355\/revisions"}],"predecessor-version":[{"id":4234,"href":"https:\/\/stable-stuff.com\/en\/wp-json\/wp\/v2\/pages\/355\/revisions\/4234"}],"wp:attachment":[{"href":"https:\/\/stable-stuff.com\/en\/wp-json\/wp\/v2\/media?parent=355"}],"curies":[{"name":"wp","href":"https:\/\/api.w.org\/{rel}","templated":true}]}}