{"id":4065,"date":"2024-10-22T09:55:37","date_gmt":"2024-10-22T09:55:37","guid":{"rendered":"https:\/\/stable-stuff.com\/?page_id=4065"},"modified":"2024-10-22T09:59:58","modified_gmt":"2024-10-22T09:59:58","slug":"september","status":"publish","type":"page","link":"https:\/\/stable-stuff.com\/en\/100-wissen\/jahreszeiten-tipps\/september\/","title":{"rendered":"September"},"content":{"rendered":"<div data-elementor-type=\"wp-page\" data-elementor-id=\"4065\" class=\"elementor elementor-4065\">\n\t\t\t\t<div class=\"elementor-element elementor-element-772c4fe e-flex e-con-boxed e-con e-parent\" data-id=\"772c4fe\" data-element_type=\"container\" data-e-type=\"container\">\n\t\t\t\t\t<div class=\"e-con-inner\">\n\t\t<div class=\"elementor-element elementor-element-f9584fe e-con-full e-flex e-con e-child\" data-id=\"f9584fe\" data-element_type=\"container\" data-e-type=\"container\">\n\t\t\t\t<div class=\"elementor-element elementor-element-d3f441d elementor-widget elementor-widget-image\" data-id=\"d3f441d\" data-element_type=\"widget\" data-e-type=\"widget\" data-widget_type=\"image.default\">\n\t\t\t\t<div class=\"elementor-widget-container\">\n\t\t\t\t\t\t\t\t\t\t\t\t\t\t\t<img fetchpriority=\"high\" decoding=\"async\" width=\"800\" height=\"266\" src=\"https:\/\/stable-stuff.com\/wp-content\/uploads\/2024\/10\/100-Wissen-4-1024x341.png\" class=\"attachment-large size-large wp-image-4067\" alt=\"Jahreszeiten Tipps f\u00fcr dein Pferd - September\" srcset=\"https:\/\/stable-stuff.com\/wp-content\/uploads\/2024\/10\/100-Wissen-4-1024x341.png 1024w, https:\/\/stable-stuff.com\/wp-content\/uploads\/2024\/10\/100-Wissen-4-600x200.png 600w, https:\/\/stable-stuff.com\/wp-content\/uploads\/2024\/10\/100-Wissen-4-300x100.png 300w, https:\/\/stable-stuff.com\/wp-content\/uploads\/2024\/10\/100-Wissen-4-768x256.png 768w, https:\/\/stable-stuff.com\/wp-content\/uploads\/2024\/10\/100-Wissen-4-1536x512.png 1536w, https:\/\/stable-stuff.com\/wp-content\/uploads\/2024\/10\/100-Wissen-4-2048x683.png 2048w, https:\/\/stable-stuff.com\/wp-content\/uploads\/2024\/10\/100-Wissen-4-18x6.png 18w, https:\/\/stable-stuff.com\/wp-content\/uploads\/2024\/10\/100-Wissen-4-180x60.png 180w\" sizes=\"(max-width: 800px) 100vw, 800px\" \/>\t\t\t\t\t\t\t\t\t\t\t\t\t\t\t<\/div>\n\t\t\t\t<\/div>\n\t\t\t\t<div class=\"elementor-element elementor-element-454f9f3 premium-blog-align-center elementor-widget elementor-widget-premium-addon-blog\" data-id=\"454f9f3\" data-element_type=\"widget\" data-e-type=\"widget\" data-settings=\"{&quot;force_height&quot;:&quot;true&quot;,&quot;premium_blog_columns_number&quot;:&quot;33.33%&quot;,&quot;premium_blog_grid&quot;:&quot;yes&quot;,&quot;premium_blog_layout&quot;:&quot;even&quot;,&quot;premium_blog_columns_number_tablet&quot;:&quot;50%&quot;,&quot;premium_blog_columns_number_mobile&quot;:&quot;100%&quot;,&quot;scroll_to_offset&quot;:&quot;yes&quot;}\" data-widget_type=\"premium-addon-blog.default\">\n\t\t\t\t<div class=\"elementor-widget-container\">\n\t\t\t\t\t\n\t\t\n\n\t\t\t\t<div class=\"premium-blog-wrap  premium-blog-even\" data-page=\"4065\">\n\t\t\t\t\t\t\t\t\t<div class=\"premium-blog-post-outer-container\" data-total=\"1\">\n\t\t\t<div class=\"premium-blog-post-container premium-blog-skin-modern\">\n\t\t\t\t\t\t\t\t\t<div class=\"premium-blog-thumb-effect-wrapper\">\n\t\t\t\t\t\t<div class=\"premium-blog-thumbnail-container premium-blog-zoomin-effect\">\n\t\t\t\t\t\t\t\t\t\t\t<a href=\"https:\/\/stable-stuff.com\/en\/jahreszeiten-tipps\/uebergangsdecken-herbst\/\" target=\"_blank\">\n\t\t\t\t<img decoding=\"async\" width=\"1024\" height=\"768\" src=\"https:\/\/stable-stuff.com\/wp-content\/uploads\/2024\/08\/35.png\" class=\"attachment-full size-full wp-image-4075\" alt=\"\u00dcbergangsdecken f\u00fcr den Herbst - Pferd mit Decke\" srcset=\"https:\/\/stable-stuff.com\/wp-content\/uploads\/2024\/08\/35.png 1024w, https:\/\/stable-stuff.com\/wp-content\/uploads\/2024\/08\/35-600x450.png 600w, https:\/\/stable-stuff.com\/wp-content\/uploads\/2024\/08\/35-300x225.png 300w, https:\/\/stable-stuff.com\/wp-content\/uploads\/2024\/08\/35-768x576.png 768w, https:\/\/stable-stuff.com\/wp-content\/uploads\/2024\/08\/35-16x12.png 16w, https:\/\/stable-stuff.com\/wp-content\/uploads\/2024\/08\/35-80x60.png 80w\" sizes=\"(max-width: 1024px) 100vw, 1024px\" \/>\t\t\t\t<\/a>\n\t\t\t\t\t\t\t\t\t\t<\/div>\n\t\t\t\t\t\t\t\t\t\t\t\t\t<div class=\"premium-blog-effect-container premium-blog-none-effect\">\n\t\t\t\t\t\t\t\t<a class=\"premium-blog-post-link\" href=\"https:\/\/stable-stuff.com\/en\/jahreszeiten-tipps\/uebergangsdecken-herbst\/\" target=\"_blank\"><span>\u00dcbergangspflege f\u00fcr den Herbst: \u00dcbergangsdecken und Deckenmanagement f\u00fcr dein Pferd<\/span><\/a>\n\t\t\t\t\t\t\t\t\t\t\t\t\t\t\t<\/div>\n\t\t\t\t\t\t\t\t\t\t\t<\/div>\n\t\t\t\t\t\t\t\t\t\t\t\t<div class=\"premium-blog-content-wrapper\">\n\n\t\t\t\t\t<div class=\"premium-blog-inner-container\">\n\n\t\t\t\t\t\t\t\t\t\t\t\t\t\t<p class=\"premium-blog-entry-title\">\n\t\t\t<a href=\"https:\/\/stable-stuff.com\/en\/jahreszeiten-tipps\/uebergangsdecken-herbst\/\" target=\"_blank\">\n\t\t\t\t\u00dcbergangspflege f\u00fcr den Herbst: \u00dcbergangsdecken und Deckenmanagement f\u00fcr dein Pferd\t\t\t<\/a>\n\t\t<\/p>\n\t\t\t\t<div class=\"premium-blog-entry-meta\">\n\t\t\t\n\t\t\t\n\t\t\t\t\t\t\t<span class=\"premium-blog-meta-separator\">\u2022<\/span>\n\t\t\t\t<div class=\"premium-blog-post-categories premium-blog-meta-data\">\n\t\t\t\t\t<i class=\"fa fa-align-left fa-fw\" aria-hidden=\"true\"><\/i>\n\t\t\t\t\t<a href=\"https:\/\/stable-stuff.com\/en\/category\/jahreszeiten-tipps\/\" rel=\"category tag\">Jahreszeiten Tipps<\/a>, <a href=\"https:\/\/stable-stuff.com\/en\/category\/jahreszeiten-tipps\/september\/\" rel=\"category tag\">September<\/a>, <a href=\"https:\/\/stable-stuff.com\/en\/category\/jahreszeiten-tipps\/september\/uebergangspflege-herbst\/\" rel=\"category tag\">\u00dcbergangspflege Herbst<\/a>\t\t\t\t<\/div>\n\t\t\t\n\t\t\t\t\t<\/div>\n\t\t\n\t\t\t\t\t<\/div>\n\n\t\t\t\t\t\t\t<div class=\"premium-blog-content-inner-wrapper\">\n\t\t<p class=\"premium-blog-post-content\">Der Herbst bringt k\u00fchleres Wetter, k\u00fcrzere Tage und h\u00e4ufige Wetterumschw\u00fcnge mit sich. Diese Jahreszeit stellt besondere Anforderungen an die Pflege und das \u2026<\/p>\t\t<\/div>\n\t\t\t\t\t\t\t\n\t\t\t\t<\/div>\n\t\t\t<\/div>\n\t\t<\/div>\n\n\t\t\t\t<div class=\"premium-blog-post-outer-container\" data-total=\"1\">\n\t\t\t<div class=\"premium-blog-post-container premium-blog-skin-modern\">\n\t\t\t\t\t\t\t\t\t<div class=\"premium-blog-thumb-effect-wrapper\">\n\t\t\t\t\t\t<div class=\"premium-blog-thumbnail-container premium-blog-zoomin-effect\">\n\t\t\t\t\t\t\t\t\t\t\t<a href=\"https:\/\/stable-stuff.com\/en\/jahreszeiten-tipps\/unterstuetzung-des-fellwechsel\/\" target=\"_blank\">\n\t\t\t\t<img decoding=\"async\" width=\"1024\" height=\"768\" src=\"https:\/\/stable-stuff.com\/wp-content\/uploads\/2024\/08\/36.png\" class=\"attachment-full size-full wp-image-4074\" alt=\"Unterst\u00fctzung des Fellwechsel im Herbst - Frau f\u00fcttert Pferde am Zaun mit Zink Leckerlies\" srcset=\"https:\/\/stable-stuff.com\/wp-content\/uploads\/2024\/08\/36.png 1024w, https:\/\/stable-stuff.com\/wp-content\/uploads\/2024\/08\/36-600x450.png 600w, https:\/\/stable-stuff.com\/wp-content\/uploads\/2024\/08\/36-300x225.png 300w, https:\/\/stable-stuff.com\/wp-content\/uploads\/2024\/08\/36-768x576.png 768w, https:\/\/stable-stuff.com\/wp-content\/uploads\/2024\/08\/36-16x12.png 16w, https:\/\/stable-stuff.com\/wp-content\/uploads\/2024\/08\/36-80x60.png 80w\" sizes=\"(max-width: 1024px) 100vw, 1024px\" \/>\t\t\t\t<\/a>\n\t\t\t\t\t\t\t\t\t\t<\/div>\n\t\t\t\t\t\t\t\t\t\t\t\t\t<div class=\"premium-blog-effect-container premium-blog-none-effect\">\n\t\t\t\t\t\t\t\t<a class=\"premium-blog-post-link\" href=\"https:\/\/stable-stuff.com\/en\/jahreszeiten-tipps\/unterstuetzung-des-fellwechsel\/\" target=\"_blank\"><span>Tipps zur Unterst\u00fctzung des Fellwechsel: \u00dcbergangspflege f\u00fcr den Herbst<\/span><\/a>\n\t\t\t\t\t\t\t\t\t\t\t\t\t\t\t<\/div>\n\t\t\t\t\t\t\t\t\t\t\t<\/div>\n\t\t\t\t\t\t\t\t\t\t\t\t<div class=\"premium-blog-content-wrapper\">\n\n\t\t\t\t\t<div class=\"premium-blog-inner-container\">\n\n\t\t\t\t\t\t\t\t\t\t\t\t\t\t<p class=\"premium-blog-entry-title\">\n\t\t\t<a href=\"https:\/\/stable-stuff.com\/en\/jahreszeiten-tipps\/unterstuetzung-des-fellwechsel\/\" target=\"_blank\">\n\t\t\t\tTipps zur Unterst\u00fctzung des Fellwechsel: \u00dcbergangspflege f\u00fcr den Herbst\t\t\t<\/a>\n\t\t<\/p>\n\t\t\t\t<div class=\"premium-blog-entry-meta\">\n\t\t\t\n\t\t\t\n\t\t\t\t\t\t\t<span class=\"premium-blog-meta-separator\">\u2022<\/span>\n\t\t\t\t<div class=\"premium-blog-post-categories premium-blog-meta-data\">\n\t\t\t\t\t<i class=\"fa fa-align-left fa-fw\" aria-hidden=\"true\"><\/i>\n\t\t\t\t\t<a href=\"https:\/\/stable-stuff.com\/en\/category\/jahreszeiten-tipps\/\" rel=\"category tag\">Jahreszeiten Tipps<\/a>, <a href=\"https:\/\/stable-stuff.com\/en\/category\/jahreszeiten-tipps\/september\/\" rel=\"category tag\">September<\/a>, <a href=\"https:\/\/stable-stuff.com\/en\/category\/jahreszeiten-tipps\/september\/uebergangspflege-herbst\/\" rel=\"category tag\">\u00dcbergangspflege Herbst<\/a>\t\t\t\t<\/div>\n\t\t\t\n\t\t\t\t\t<\/div>\n\t\t\n\t\t\t\t\t<\/div>\n\n\t\t\t\t\t\t\t<div class=\"premium-blog-content-inner-wrapper\">\n\t\t<p class=\"premium-blog-post-content\">Der Herbst bringt nicht nur k\u00fchleres Wetter und k\u00fcrzere Tage mit sich, sondern auch den allj\u00e4hrlichen Fellwechsel bei unseren Pferden. In dieser \u2026<\/p>\t\t<\/div>\n\t\t\t\t\t\t\t\n\t\t\t\t<\/div>\n\t\t\t<\/div>\n\t\t<\/div>\n\n\t\t\t\t<div class=\"premium-blog-post-outer-container\" data-total=\"1\">\n\t\t\t<div class=\"premium-blog-post-container premium-blog-skin-modern\">\n\t\t\t\t\t\t\t\t\t<div class=\"premium-blog-thumb-effect-wrapper\">\n\t\t\t\t\t\t<div class=\"premium-blog-thumbnail-container premium-blog-zoomin-effect\">\n\t\t\t\t\t\t\t\t\t\t\t<a href=\"https:\/\/stable-stuff.com\/en\/jahreszeiten-tipps\/uebergangspfleg-fuer-den-herbst\/\" target=\"_blank\">\n\t\t\t\t<img loading=\"lazy\" decoding=\"async\" width=\"1024\" height=\"768\" src=\"https:\/\/stable-stuff.com\/wp-content\/uploads\/2024\/08\/37.png\" class=\"attachment-full size-full wp-image-4073\" alt=\"\u00dcbergangspflege f\u00fcr den Herbst - Bereite dein Pferd auf k\u00fchlere Temperaturen vor - Pferd im Herbst\" srcset=\"https:\/\/stable-stuff.com\/wp-content\/uploads\/2024\/08\/37.png 1024w, https:\/\/stable-stuff.com\/wp-content\/uploads\/2024\/08\/37-600x450.png 600w, https:\/\/stable-stuff.com\/wp-content\/uploads\/2024\/08\/37-300x225.png 300w, https:\/\/stable-stuff.com\/wp-content\/uploads\/2024\/08\/37-768x576.png 768w, https:\/\/stable-stuff.com\/wp-content\/uploads\/2024\/08\/37-16x12.png 16w, https:\/\/stable-stuff.com\/wp-content\/uploads\/2024\/08\/37-80x60.png 80w\" sizes=\"(max-width: 1024px) 100vw, 1024px\" \/>\t\t\t\t<\/a>\n\t\t\t\t\t\t\t\t\t\t<\/div>\n\t\t\t\t\t\t\t\t\t\t\t\t\t<div class=\"premium-blog-effect-container premium-blog-none-effect\">\n\t\t\t\t\t\t\t\t<a class=\"premium-blog-post-link\" href=\"https:\/\/stable-stuff.com\/en\/jahreszeiten-tipps\/uebergangspfleg-fuer-den-herbst\/\" target=\"_blank\"><span>\u00dcbergangspflege f\u00fcr den Herbst: So bereitest du dein Pferd auf die k\u00fchleren Temperaturen vor<\/span><\/a>\n\t\t\t\t\t\t\t\t\t\t\t\t\t\t\t<\/div>\n\t\t\t\t\t\t\t\t\t\t\t<\/div>\n\t\t\t\t\t\t\t\t\t\t\t\t<div class=\"premium-blog-content-wrapper\">\n\n\t\t\t\t\t<div class=\"premium-blog-inner-container\">\n\n\t\t\t\t\t\t\t\t\t\t\t\t\t\t<p class=\"premium-blog-entry-title\">\n\t\t\t<a href=\"https:\/\/stable-stuff.com\/en\/jahreszeiten-tipps\/uebergangspfleg-fuer-den-herbst\/\" target=\"_blank\">\n\t\t\t\t\u00dcbergangspflege f\u00fcr den Herbst: So bereitest du dein Pferd auf die k\u00fchleren Temperaturen vor\t\t\t<\/a>\n\t\t<\/p>\n\t\t\t\t<div class=\"premium-blog-entry-meta\">\n\t\t\t\n\t\t\t\n\t\t\t\t\t\t\t<span class=\"premium-blog-meta-separator\">\u2022<\/span>\n\t\t\t\t<div class=\"premium-blog-post-categories premium-blog-meta-data\">\n\t\t\t\t\t<i class=\"fa fa-align-left fa-fw\" aria-hidden=\"true\"><\/i>\n\t\t\t\t\t<a href=\"https:\/\/stable-stuff.com\/en\/category\/jahreszeiten-tipps\/\" rel=\"category tag\">Jahreszeiten Tipps<\/a>, <a href=\"https:\/\/stable-stuff.com\/en\/category\/jahreszeiten-tipps\/september\/\" rel=\"category tag\">September<\/a>, <a href=\"https:\/\/stable-stuff.com\/en\/category\/jahreszeiten-tipps\/september\/uebergangspflege-herbst\/\" rel=\"category tag\">\u00dcbergangspflege Herbst<\/a>\t\t\t\t<\/div>\n\t\t\t\n\t\t\t\t\t<\/div>\n\t\t\n\t\t\t\t\t<\/div>\n\n\t\t\t\t\t\t\t<div class=\"premium-blog-content-inner-wrapper\">\n\t\t<p class=\"premium-blog-post-content\">Der Herbst ist eine Zeit des Wandels \u2013 nicht nur f\u00fcr die Natur, sondern auch f\u00fcr unsere Pferde. Die Temperaturen sinken, das \u2026<\/p>\t\t<\/div>\n\t\t\t\t\t\t\t\n\t\t\t\t<\/div>\n\t\t\t<\/div>\n\t\t<\/div>\n\n\t\t\t\t\t\t\t<\/div>\n\n\t\t\n\t\t\n\t\t\t\t\t\t<\/div>\n\t\t\t\t<\/div>\n\t\t\t\t<\/div>\n\t\t\t\t\t<\/div>\n\t\t\t\t<\/div>\n\t\t\t\t<\/div>","protected":false},"excerpt":{"rendered":"<p>\u00dcbergangspflege f\u00fcr den Herbst: \u00dcbergangsdecken und Deckenmanagement f\u00fcr dein Pferd \u00dcbergangspflege f\u00fcr den Herbst: \u00dcbergangsdecken und Deckenmanagement f\u00fcr dein Pferd \u2022 Jahreszeiten Tipps, September, \u00dcbergangspflege Herbst Der Herbst bringt k\u00fchleres Wetter, k\u00fcrzere Tage und h\u00e4ufige Wetterumschw\u00fcnge mit sich. Diese Jahreszeit stellt besondere Anforderungen an die Pflege und das \u2026 Tipps zur Unterst\u00fctzung des Fellwechsel: \u00dcbergangspflege [&hellip;]<\/p>\n","protected":false},"author":1,"featured_media":0,"parent":4052,"menu_order":0,"comment_status":"closed","ping_status":"closed","template":"elementor_header_footer","meta":{"footnotes":""},"class_list":["post-4065","page","type-page","status-publish","hentry"],"_links":{"self":[{"href":"https:\/\/stable-stuff.com\/en\/wp-json\/wp\/v2\/pages\/4065","targetHints":{"allow":["GET"]}}],"collection":[{"href":"https:\/\/stable-stuff.com\/en\/wp-json\/wp\/v2\/pages"}],"about":[{"href":"https:\/\/stable-stuff.com\/en\/wp-json\/wp\/v2\/types\/page"}],"author":[{"embeddable":true,"href":"https:\/\/stable-stuff.com\/en\/wp-json\/wp\/v2\/users\/1"}],"replies":[{"embeddable":true,"href":"https:\/\/stable-stuff.com\/en\/wp-json\/wp\/v2\/comments?post=4065"}],"version-history":[{"count":3,"href":"https:\/\/stable-stuff.com\/en\/wp-json\/wp\/v2\/pages\/4065\/revisions"}],"predecessor-version":[{"id":4070,"href":"https:\/\/stable-stuff.com\/en\/wp-json\/wp\/v2\/pages\/4065\/revisions\/4070"}],"up":[{"embeddable":true,"href":"https:\/\/stable-stuff.com\/en\/wp-json\/wp\/v2\/pages\/4052"}],"wp:attachment":[{"href":"https:\/\/stable-stuff.com\/en\/wp-json\/wp\/v2\/media?parent=4065"}],"curies":[{"name":"wp","href":"https:\/\/api.w.org\/{rel}","templated":true}]}}