{"id":936,"date":"2024-04-02T20:54:19","date_gmt":"2024-04-02T20:54:19","guid":{"rendered":"https:\/\/stable-stuff.com\/?page_id=936"},"modified":"2024-10-22T08:57:14","modified_gmt":"2024-10-22T08:57:14","slug":"wichtige-futterzusaetze","status":"publish","type":"page","link":"https:\/\/stable-stuff.com\/en\/100-wissen\/wichtige-futterzusaetze\/","title":{"rendered":"wichtige Futterzus\u00e4tze"},"content":{"rendered":"<div data-elementor-type=\"wp-page\" data-elementor-id=\"936\" class=\"elementor elementor-936\">\n\t\t\t\t<div class=\"elementor-element elementor-element-772c4fe e-flex e-con-boxed e-con e-parent\" data-id=\"772c4fe\" data-element_type=\"container\" data-e-type=\"container\">\n\t\t\t\t\t<div class=\"e-con-inner\">\n\t\t<div class=\"elementor-element elementor-element-f9584fe e-con-full e-flex e-con e-child\" data-id=\"f9584fe\" data-element_type=\"container\" data-e-type=\"container\">\n\t\t\t\t<div class=\"elementor-element elementor-element-d3f441d elementor-widget elementor-widget-image\" data-id=\"d3f441d\" data-element_type=\"widget\" data-e-type=\"widget\" data-widget_type=\"image.default\">\n\t\t\t\t<div class=\"elementor-widget-container\">\n\t\t\t\t\t\t\t\t\t\t\t\t\t\t\t<img fetchpriority=\"high\" decoding=\"async\" width=\"800\" height=\"266\" src=\"https:\/\/stable-stuff.com\/wp-content\/uploads\/2024\/10\/4-1024x341.png\" class=\"attachment-large size-large wp-image-4031\" alt=\"Wichtige Futterzus\u00e4tze, Mineralien, N\u00e4hrstoffe f\u00fcr Pferde\" srcset=\"https:\/\/stable-stuff.com\/wp-content\/uploads\/2024\/10\/4-1024x341.png 1024w, https:\/\/stable-stuff.com\/wp-content\/uploads\/2024\/10\/4-600x200.png 600w, https:\/\/stable-stuff.com\/wp-content\/uploads\/2024\/10\/4-300x100.png 300w, https:\/\/stable-stuff.com\/wp-content\/uploads\/2024\/10\/4-768x256.png 768w, https:\/\/stable-stuff.com\/wp-content\/uploads\/2024\/10\/4-1536x512.png 1536w, https:\/\/stable-stuff.com\/wp-content\/uploads\/2024\/10\/4-2048x683.png 2048w, https:\/\/stable-stuff.com\/wp-content\/uploads\/2024\/10\/4-18x6.png 18w, https:\/\/stable-stuff.com\/wp-content\/uploads\/2024\/10\/4-180x60.png 180w\" sizes=\"(max-width: 800px) 100vw, 800px\" \/>\t\t\t\t\t\t\t\t\t\t\t\t\t\t\t<\/div>\n\t\t\t\t<\/div>\n\t\t\t\t<div class=\"elementor-element elementor-element-454f9f3 premium-blog-align-center elementor-widget elementor-widget-premium-addon-blog\" data-id=\"454f9f3\" data-element_type=\"widget\" data-e-type=\"widget\" data-settings=\"{&quot;force_height&quot;:&quot;true&quot;,&quot;premium_blog_columns_number&quot;:&quot;33.33%&quot;,&quot;premium_blog_grid&quot;:&quot;yes&quot;,&quot;premium_blog_layout&quot;:&quot;even&quot;,&quot;premium_blog_columns_number_tablet&quot;:&quot;50%&quot;,&quot;premium_blog_columns_number_mobile&quot;:&quot;100%&quot;,&quot;scroll_to_offset&quot;:&quot;yes&quot;}\" data-widget_type=\"premium-addon-blog.default\">\n\t\t\t\t<div class=\"elementor-widget-container\">\n\t\t\t\t\t\n\t\t\n\n\t\t\t\t<div class=\"premium-blog-wrap  premium-blog-even\" data-page=\"936\">\n\t\t\t\t\t\t\t\t\t<div class=\"premium-blog-post-outer-container\" data-total=\"1\">\n\t\t\t<div class=\"premium-blog-post-container premium-blog-skin-modern\">\n\t\t\t\t\t\t\t\t\t<div class=\"premium-blog-thumb-effect-wrapper\">\n\t\t\t\t\t\t<div class=\"premium-blog-thumbnail-container premium-blog-zoomin-effect\">\n\t\t\t\t\t\t\t\t\t\t\t<a href=\"https:\/\/stable-stuff.com\/en\/wichtige-futterzusaetze\/elektrolyte-fuer-pferde\/\" target=\"_blank\">\n\t\t\t\t<img decoding=\"async\" width=\"1024\" height=\"768\" src=\"https:\/\/stable-stuff.com\/wp-content\/uploads\/2024\/08\/7.png\" class=\"attachment-full size-full wp-image-3989\" alt=\"Elektrolyte f\u00fcr Pferde\" srcset=\"https:\/\/stable-stuff.com\/wp-content\/uploads\/2024\/08\/7.png 1024w, https:\/\/stable-stuff.com\/wp-content\/uploads\/2024\/08\/7-600x450.png 600w, https:\/\/stable-stuff.com\/wp-content\/uploads\/2024\/08\/7-300x225.png 300w, https:\/\/stable-stuff.com\/wp-content\/uploads\/2024\/08\/7-768x576.png 768w, https:\/\/stable-stuff.com\/wp-content\/uploads\/2024\/08\/7-16x12.png 16w, https:\/\/stable-stuff.com\/wp-content\/uploads\/2024\/08\/7-80x60.png 80w\" sizes=\"(max-width: 1024px) 100vw, 1024px\" \/>\t\t\t\t<\/a>\n\t\t\t\t\t\t\t\t\t\t<\/div>\n\t\t\t\t\t\t\t\t\t\t\t\t\t<div class=\"premium-blog-effect-container premium-blog-none-effect\">\n\t\t\t\t\t\t\t\t<a class=\"premium-blog-post-link\" href=\"https:\/\/stable-stuff.com\/en\/wichtige-futterzusaetze\/elektrolyte-fuer-pferde\/\" target=\"_blank\"><span>Elektrolyte f\u00fcr Pferde &#8211; was soll das sein?<\/span><\/a>\n\t\t\t\t\t\t\t\t\t\t\t\t\t\t\t<\/div>\n\t\t\t\t\t\t\t\t\t\t\t<\/div>\n\t\t\t\t\t\t\t\t\t\t\t\t<div class=\"premium-blog-content-wrapper\">\n\n\t\t\t\t\t<div class=\"premium-blog-inner-container\">\n\n\t\t\t\t\t\t\t\t\t\t\t\t\t\t<p class=\"premium-blog-entry-title\">\n\t\t\t<a href=\"https:\/\/stable-stuff.com\/en\/wichtige-futterzusaetze\/elektrolyte-fuer-pferde\/\" target=\"_blank\">\n\t\t\t\tElektrolyte f\u00fcr Pferde &#8211; was soll das sein?\t\t\t<\/a>\n\t\t<\/p>\n\t\t\t\t<div class=\"premium-blog-entry-meta\">\n\t\t\t\n\t\t\t\n\t\t\t\t\t\t\t<span class=\"premium-blog-meta-separator\">\u2022<\/span>\n\t\t\t\t<div class=\"premium-blog-post-categories premium-blog-meta-data\">\n\t\t\t\t\t<i class=\"fa fa-align-left fa-fw\" aria-hidden=\"true\"><\/i>\n\t\t\t\t\t<a href=\"https:\/\/stable-stuff.com\/en\/category\/wichtige-futterzusaetze\/\" rel=\"category tag\">Wichtige Futterzus\u00e4tze<\/a>\t\t\t\t<\/div>\n\t\t\t\n\t\t\t\t\t<\/div>\n\t\t\n\t\t\t\t\t<\/div>\n\n\t\t\t\t\t\t\t<div class=\"premium-blog-content-inner-wrapper\">\n\t\t<p class=\"premium-blog-post-content\">Elektrolyte f\u00fcr Pferde sind ein Thema, das oft untersch\u00e4tzt wird, aber f\u00fcr die Gesundheit und Leistungsf\u00e4higkeit deines Pferdes \u2013 besonders im Sommer \u2026<\/p>\t\t<\/div>\n\t\t\t\t\t\t\t\n\t\t\t\t<\/div>\n\t\t\t<\/div>\n\t\t<\/div>\n\n\t\t\t\t<div class=\"premium-blog-post-outer-container\" data-total=\"1\">\n\t\t\t<div class=\"premium-blog-post-container premium-blog-skin-modern\">\n\t\t\t\t\t\t\t\t\t<div class=\"premium-blog-thumb-effect-wrapper\">\n\t\t\t\t\t\t<div class=\"premium-blog-thumbnail-container premium-blog-zoomin-effect\">\n\t\t\t\t\t\t\t\t\t\t\t<a href=\"https:\/\/stable-stuff.com\/en\/wichtige-futterzusaetze\/biotin-fuers-pferd\/\" target=\"_blank\">\n\t\t\t\t<img decoding=\"async\" width=\"1024\" height=\"768\" src=\"https:\/\/stable-stuff.com\/wp-content\/uploads\/2024\/04\/6.png\" class=\"attachment-full size-full wp-image-3977\" alt=\"Biotin f\u00fcr Pferde - Hufe brauchen Biotin\" srcset=\"https:\/\/stable-stuff.com\/wp-content\/uploads\/2024\/04\/6.png 1024w, https:\/\/stable-stuff.com\/wp-content\/uploads\/2024\/04\/6-600x450.png 600w, https:\/\/stable-stuff.com\/wp-content\/uploads\/2024\/04\/6-300x225.png 300w, https:\/\/stable-stuff.com\/wp-content\/uploads\/2024\/04\/6-768x576.png 768w, https:\/\/stable-stuff.com\/wp-content\/uploads\/2024\/04\/6-16x12.png 16w, https:\/\/stable-stuff.com\/wp-content\/uploads\/2024\/04\/6-80x60.png 80w\" sizes=\"(max-width: 1024px) 100vw, 1024px\" \/>\t\t\t\t<\/a>\n\t\t\t\t\t\t\t\t\t\t<\/div>\n\t\t\t\t\t\t\t\t\t\t\t\t\t<div class=\"premium-blog-effect-container premium-blog-none-effect\">\n\t\t\t\t\t\t\t\t<a class=\"premium-blog-post-link\" href=\"https:\/\/stable-stuff.com\/en\/wichtige-futterzusaetze\/biotin-fuers-pferd\/\" target=\"_blank\"><span>Biotin f\u00fcrs Pferd &#8211; Hufe brauchen Biotin<\/span><\/a>\n\t\t\t\t\t\t\t\t\t\t\t\t\t\t\t<\/div>\n\t\t\t\t\t\t\t\t\t\t\t<\/div>\n\t\t\t\t\t\t\t\t\t\t\t\t<div class=\"premium-blog-content-wrapper\">\n\n\t\t\t\t\t<div class=\"premium-blog-inner-container\">\n\n\t\t\t\t\t\t\t\t\t\t\t\t\t\t<p class=\"premium-blog-entry-title\">\n\t\t\t<a href=\"https:\/\/stable-stuff.com\/en\/wichtige-futterzusaetze\/biotin-fuers-pferd\/\" target=\"_blank\">\n\t\t\t\tBiotin f\u00fcrs Pferd &#8211; Hufe brauchen Biotin\t\t\t<\/a>\n\t\t<\/p>\n\t\t\t\t<div class=\"premium-blog-entry-meta\">\n\t\t\t\n\t\t\t\n\t\t\t\t\t\t\t<span class=\"premium-blog-meta-separator\">\u2022<\/span>\n\t\t\t\t<div class=\"premium-blog-post-categories premium-blog-meta-data\">\n\t\t\t\t\t<i class=\"fa fa-align-left fa-fw\" aria-hidden=\"true\"><\/i>\n\t\t\t\t\t<a href=\"https:\/\/stable-stuff.com\/en\/category\/wichtige-futterzusaetze\/\" rel=\"category tag\">Wichtige Futterzus\u00e4tze<\/a>\t\t\t\t<\/div>\n\t\t\t\n\t\t\t\t\t<\/div>\n\t\t\n\t\t\t\t\t<\/div>\n\n\t\t\t\t\t\t\t<div class=\"premium-blog-content-inner-wrapper\">\n\t\t<p class=\"premium-blog-post-content\">Biotin f\u00fcrs Pferd &#8211; Hufe brauchen Biotin Biotin ist ein wichtiges Vitamin f\u00fcr die Pferdegesundheit. Biotin ist f\u00fcr Pferde nicht nur f\u00fcr \u2026<\/p>\t\t<\/div>\n\t\t\t\t\t\t\t\n\t\t\t\t<\/div>\n\t\t\t<\/div>\n\t\t<\/div>\n\n\t\t\t\t<div class=\"premium-blog-post-outer-container\" data-total=\"1\">\n\t\t\t<div class=\"premium-blog-post-container premium-blog-skin-modern\">\n\t\t\t\t\t\t\t\t\t<div class=\"premium-blog-thumb-effect-wrapper\">\n\t\t\t\t\t\t<div class=\"premium-blog-thumbnail-container premium-blog-zoomin-effect\">\n\t\t\t\t\t\t\t\t\t\t\t<a href=\"https:\/\/stable-stuff.com\/en\/wichtige-futterzusaetze\/zink-fuers-pferd\/\" target=\"_blank\">\n\t\t\t\t<img loading=\"lazy\" decoding=\"async\" width=\"1024\" height=\"768\" src=\"https:\/\/stable-stuff.com\/wp-content\/uploads\/2024\/04\/5.png\" class=\"attachment-full size-full wp-image-3973\" alt=\"Zink f\u00fcrs Pferd\" srcset=\"https:\/\/stable-stuff.com\/wp-content\/uploads\/2024\/04\/5.png 1024w, https:\/\/stable-stuff.com\/wp-content\/uploads\/2024\/04\/5-600x450.png 600w, https:\/\/stable-stuff.com\/wp-content\/uploads\/2024\/04\/5-300x225.png 300w, https:\/\/stable-stuff.com\/wp-content\/uploads\/2024\/04\/5-768x576.png 768w, https:\/\/stable-stuff.com\/wp-content\/uploads\/2024\/04\/5-16x12.png 16w, https:\/\/stable-stuff.com\/wp-content\/uploads\/2024\/04\/5-80x60.png 80w\" sizes=\"(max-width: 1024px) 100vw, 1024px\" \/>\t\t\t\t<\/a>\n\t\t\t\t\t\t\t\t\t\t<\/div>\n\t\t\t\t\t\t\t\t\t\t\t\t\t<div class=\"premium-blog-effect-container premium-blog-none-effect\">\n\t\t\t\t\t\t\t\t<a class=\"premium-blog-post-link\" href=\"https:\/\/stable-stuff.com\/en\/wichtige-futterzusaetze\/zink-fuers-pferd\/\" target=\"_blank\"><span>Zink f\u00fcrs Pferd- Gesund mit Zink<\/span><\/a>\n\t\t\t\t\t\t\t\t\t\t\t\t\t\t\t<\/div>\n\t\t\t\t\t\t\t\t\t\t\t<\/div>\n\t\t\t\t\t\t\t\t\t\t\t\t<div class=\"premium-blog-content-wrapper\">\n\n\t\t\t\t\t<div class=\"premium-blog-inner-container\">\n\n\t\t\t\t\t\t\t\t\t\t\t\t\t\t<p class=\"premium-blog-entry-title\">\n\t\t\t<a href=\"https:\/\/stable-stuff.com\/en\/wichtige-futterzusaetze\/zink-fuers-pferd\/\" target=\"_blank\">\n\t\t\t\tZink f\u00fcrs Pferd- Gesund mit Zink\t\t\t<\/a>\n\t\t<\/p>\n\t\t\t\t<div class=\"premium-blog-entry-meta\">\n\t\t\t\n\t\t\t\n\t\t\t\t\t\t\t<span class=\"premium-blog-meta-separator\">\u2022<\/span>\n\t\t\t\t<div class=\"premium-blog-post-categories premium-blog-meta-data\">\n\t\t\t\t\t<i class=\"fa fa-align-left fa-fw\" aria-hidden=\"true\"><\/i>\n\t\t\t\t\t<a href=\"https:\/\/stable-stuff.com\/en\/category\/wichtige-futterzusaetze\/\" rel=\"category tag\">Wichtige Futterzus\u00e4tze<\/a>\t\t\t\t<\/div>\n\t\t\t\n\t\t\t\t\t<\/div>\n\t\t\n\t\t\t\t\t<\/div>\n\n\t\t\t\t\t\t\t<div class=\"premium-blog-content-inner-wrapper\">\n\t\t<p class=\"premium-blog-post-content\">Zink f\u00fcrs Pferd- Gesund mit Zink Ein intaktes Immunsystem, gl\u00e4nzendes Fell und eine gute Hufhornqualit\u00e4t sind extrem wichtig f\u00fcr unsere Pferde. Ein \u2026<\/p>\t\t<\/div>\n\t\t\t\t\t\t\t\n\t\t\t\t<\/div>\n\t\t\t<\/div>\n\t\t<\/div>\n\n\t\t\t\t<div class=\"premium-blog-post-outer-container\" data-total=\"1\">\n\t\t\t<div class=\"premium-blog-post-container premium-blog-skin-modern\">\n\t\t\t\t\t\t\t\t\t<div class=\"premium-blog-thumb-effect-wrapper\">\n\t\t\t\t\t\t<div class=\"premium-blog-thumbnail-container premium-blog-zoomin-effect\">\n\t\t\t\t\t\t\t\t\t\t\t<a href=\"https:\/\/stable-stuff.com\/en\/wichtige-futterzusaetze\/salz-brauchen-pferde-salz\/\" target=\"_blank\">\n\t\t\t\t<img loading=\"lazy\" decoding=\"async\" width=\"1024\" height=\"768\" src=\"https:\/\/stable-stuff.com\/wp-content\/uploads\/2024\/03\/4.png\" class=\"attachment-full size-full wp-image-3969\" alt=\"Salz f\u00fcr Pferde\" srcset=\"https:\/\/stable-stuff.com\/wp-content\/uploads\/2024\/03\/4.png 1024w, https:\/\/stable-stuff.com\/wp-content\/uploads\/2024\/03\/4-600x450.png 600w, https:\/\/stable-stuff.com\/wp-content\/uploads\/2024\/03\/4-300x225.png 300w, https:\/\/stable-stuff.com\/wp-content\/uploads\/2024\/03\/4-768x576.png 768w, https:\/\/stable-stuff.com\/wp-content\/uploads\/2024\/03\/4-16x12.png 16w, https:\/\/stable-stuff.com\/wp-content\/uploads\/2024\/03\/4-80x60.png 80w\" sizes=\"(max-width: 1024px) 100vw, 1024px\" \/>\t\t\t\t<\/a>\n\t\t\t\t\t\t\t\t\t\t<\/div>\n\t\t\t\t\t\t\t\t\t\t\t\t\t<div class=\"premium-blog-effect-container premium-blog-none-effect\">\n\t\t\t\t\t\t\t\t<a class=\"premium-blog-post-link\" href=\"https:\/\/stable-stuff.com\/en\/wichtige-futterzusaetze\/salz-brauchen-pferde-salz\/\" target=\"_blank\"><span>Salz &#8211; brauchen Pferde Salz?<\/span><\/a>\n\t\t\t\t\t\t\t\t\t\t\t\t\t\t\t<\/div>\n\t\t\t\t\t\t\t\t\t\t\t<\/div>\n\t\t\t\t\t\t\t\t\t\t\t\t<div class=\"premium-blog-content-wrapper\">\n\n\t\t\t\t\t<div class=\"premium-blog-inner-container\">\n\n\t\t\t\t\t\t\t\t\t\t\t\t\t\t<p class=\"premium-blog-entry-title\">\n\t\t\t<a href=\"https:\/\/stable-stuff.com\/en\/wichtige-futterzusaetze\/salz-brauchen-pferde-salz\/\" target=\"_blank\">\n\t\t\t\tSalz &#8211; brauchen Pferde Salz?\t\t\t<\/a>\n\t\t<\/p>\n\t\t\t\t<div class=\"premium-blog-entry-meta\">\n\t\t\t\n\t\t\t\n\t\t\t\t\t\t\t<span class=\"premium-blog-meta-separator\">\u2022<\/span>\n\t\t\t\t<div class=\"premium-blog-post-categories premium-blog-meta-data\">\n\t\t\t\t\t<i class=\"fa fa-align-left fa-fw\" aria-hidden=\"true\"><\/i>\n\t\t\t\t\t<a href=\"https:\/\/stable-stuff.com\/en\/category\/wichtige-futterzusaetze\/\" rel=\"category tag\">Wichtige Futterzus\u00e4tze<\/a>\t\t\t\t<\/div>\n\t\t\t\n\t\t\t\t\t<\/div>\n\t\t\n\t\t\t\t\t<\/div>\n\n\t\t\t\t\t\t\t<div class=\"premium-blog-content-inner-wrapper\">\n\t\t<p class=\"premium-blog-post-content\">Salz &#8211; brauchen Pferde Salz? Die beliebteste Verwendung von Salz im Pferdestall ist der Leckstein. Er h\u00e4ngt in vielen St\u00e4llen zur freien \u2026<\/p>\t\t<\/div>\n\t\t\t\t\t\t\t\n\t\t\t\t<\/div>\n\t\t\t<\/div>\n\t\t<\/div>\n\n\t\t\t\t\t\t\t<\/div>\n\n\t\t\n\t\t\n\t\t\t\t\t\t<\/div>\n\t\t\t\t<\/div>\n\t\t\t\t<\/div>\n\t\t\t\t\t<\/div>\n\t\t\t\t<\/div>\n\t\t\t\t<\/div>","protected":false},"excerpt":{"rendered":"<p>Elektrolyte f\u00fcr Pferde &#8211; was soll das sein? Elektrolyte f\u00fcr Pferde &#8211; was soll das sein? \u2022 Wichtige Futterzus\u00e4tze Elektrolyte f\u00fcr Pferde sind ein Thema, das oft untersch\u00e4tzt wird, aber f\u00fcr die Gesundheit und Leistungsf\u00e4higkeit deines Pferdes \u2013 besonders im Sommer \u2026 Biotin f\u00fcrs Pferd &#8211; Hufe brauchen Biotin Biotin f\u00fcrs Pferd &#8211; Hufe brauchen [&hellip;]<\/p>\n","protected":false},"author":1,"featured_media":0,"parent":3851,"menu_order":0,"comment_status":"closed","ping_status":"closed","template":"elementor_header_footer","meta":{"footnotes":""},"class_list":["post-936","page","type-page","status-publish","hentry"],"_links":{"self":[{"href":"https:\/\/stable-stuff.com\/en\/wp-json\/wp\/v2\/pages\/936","targetHints":{"allow":["GET"]}}],"collection":[{"href":"https:\/\/stable-stuff.com\/en\/wp-json\/wp\/v2\/pages"}],"about":[{"href":"https:\/\/stable-stuff.com\/en\/wp-json\/wp\/v2\/types\/page"}],"author":[{"embeddable":true,"href":"https:\/\/stable-stuff.com\/en\/wp-json\/wp\/v2\/users\/1"}],"replies":[{"embeddable":true,"href":"https:\/\/stable-stuff.com\/en\/wp-json\/wp\/v2\/comments?post=936"}],"version-history":[{"count":3,"href":"https:\/\/stable-stuff.com\/en\/wp-json\/wp\/v2\/pages\/936\/revisions"}],"predecessor-version":[{"id":4034,"href":"https:\/\/stable-stuff.com\/en\/wp-json\/wp\/v2\/pages\/936\/revisions\/4034"}],"up":[{"embeddable":true,"href":"https:\/\/stable-stuff.com\/en\/wp-json\/wp\/v2\/pages\/3851"}],"wp:attachment":[{"href":"https:\/\/stable-stuff.com\/en\/wp-json\/wp\/v2\/media?parent=936"}],"curies":[{"name":"wp","href":"https:\/\/api.w.org\/{rel}","templated":true}]}}