{"id":100,"date":"2024-03-16T11:28:32","date_gmt":"2024-03-16T11:28:32","guid":{"rendered":"https:\/\/stable-stuff.com\/?post_type=product&#038;p=100"},"modified":"2024-05-10T22:13:42","modified_gmt":"2024-05-10T22:13:42","slug":"knabber-stuff-original","status":"publish","type":"product","link":"https:\/\/stable-stuff.com\/en\/product\/knabber-stuff-original\/","title":{"rendered":"Knabber-Stuff ORIGINAL"},"content":{"rendered":"<p>Mehr als nur ein Pferdespielzeug.<br \/>\nUnser gesunder <strong>Knabber-Stuff<\/strong> <strong>ORIGINAL<\/strong> aus 100% <span style=\"color: #993366;\"><a style=\"color: #993366;\" href=\"https:\/\/stable-stuff.com\/kraeuter-pflanzen\/110\/\" target=\"_blank\" rel=\"noopener\">Luzerne<\/a><\/span>, ganz ohne Holz, wie bei anderen Anbietern, bietet optimale und nat\u00fcrliche Besch\u00e4ftigung f\u00fcr dein Pferd.<\/p>\n<p>Der <strong>Knabber-Stuff<\/strong> f\u00f6rdert zum knabbern und spielen auf und befriedigt das Bed\u00fcrfnis an etwas herumzukauen. Ebenso wird die Speichelproduktion angeregt und die Verdauung unterst\u00fctzt.<\/p>\n<p>Es kann dank der Durchbohrung in der Pferdebox, am Paddock oder auf der Weide, an einem wettergesch\u00fctzten Ort, mit dem mitgelieferten Seil befestigt werden. Stelle aber sicher, dass es kein Verletzungsrisiko f\u00fcr dein Pferd und andere besteht.<\/p>\n<p>Es handelt sich hierbei um ein von Hand gefertigtes Produkt aus Naturmaterialien. Daher k\u00f6nnen sich die einzelnen Produkte geringf\u00fcgig in Gr\u00f6\u00dfe, Form und Farbe unterscheiden. Unser Produkt ist ein Pferdespielzeug und Snack.<\/p>\n<p><strong>Analytische Bestandteile:<\/strong> Rohprotein 17%, Rohfaser 28-31%, Feuchte 6-10%<\/p>\n<p>&nbsp;<\/p>\n<p>Jeweils 2 St\u00fcck pro Seil.<\/p>","protected":false},"excerpt":{"rendered":"<p>Jeweils 2 St\u00fcck.<\/p>\n<ul>\n<li>100% Luzerne natur PUR<\/li>\n<li>OHNE Holz<\/li>\n<li>WENIG Zucker &amp; St\u00e4rke<\/li>\n<li>REICH an Eiwei\u00df und Calcium<\/li>\n<li>Snack &amp; Spielzeug in einem<\/li>\n<\/ul>\n<p>&nbsp;<\/p>\n<p><strong>Spare mit unserem Mengenrabatt.<\/strong><\/p>","protected":false},"featured_media":1607,"comment_status":"open","ping_status":"closed","template":"","meta":[],"product_brand":[],"product_cat":[35],"product_tag":[64,65,60,63,39,42,41,37,36,38,44,40,45,47,46,61,62,43,59],"class_list":{"0":"post-100","1":"product","2":"type-product","3":"status-publish","4":"has-post-thumbnail","6":"product_cat-knabberspielzeug","7":"product_tag-alte-pferde","8":"product_tag-altes-pferd","9":"product_tag-deckhengste","10":"product_tag-fohlen","11":"product_tag-hotzenklotz","12":"product_tag-knabber-twister","13":"product_tag-knabberholz","14":"product_tag-knabberspass","15":"product_tag-knabberspielzeug","16":"product_tag-knabberspielzeug-fuer-pferde","17":"product_tag-knabberstange","18":"product_tag-luzerne","19":"product_tag-pferd","20":"product_tag-pferde-leckerlie","21":"product_tag-snack","22":"product_tag-stuten","23":"product_tag-tragende-stuten","24":"product_tag-woodie","25":"product_tag-zucht","27":"first","28":"instock","29":"sale","30":"taxable","31":"shipping-taxable","32":"purchasable","33":"product-type-variable","34":"has-default-attributes"},"_links":{"self":[{"href":"https:\/\/stable-stuff.com\/en\/wp-json\/wp\/v2\/product\/100","targetHints":{"allow":["GET"]}}],"collection":[{"href":"https:\/\/stable-stuff.com\/en\/wp-json\/wp\/v2\/product"}],"about":[{"href":"https:\/\/stable-stuff.com\/en\/wp-json\/wp\/v2\/types\/product"}],"replies":[{"embeddable":true,"href":"https:\/\/stable-stuff.com\/en\/wp-json\/wp\/v2\/comments?post=100"}],"version-history":[{"count":3,"href":"https:\/\/stable-stuff.com\/en\/wp-json\/wp\/v2\/product\/100\/revisions"}],"predecessor-version":[{"id":1609,"href":"https:\/\/stable-stuff.com\/en\/wp-json\/wp\/v2\/product\/100\/revisions\/1609"}],"wp:featuredmedia":[{"embeddable":true,"href":"https:\/\/stable-stuff.com\/en\/wp-json\/wp\/v2\/media\/1607"}],"wp:attachment":[{"href":"https:\/\/stable-stuff.com\/en\/wp-json\/wp\/v2\/media?parent=100"}],"wp:term":[{"taxonomy":"product_brand","embeddable":true,"href":"https:\/\/stable-stuff.com\/en\/wp-json\/wp\/v2\/product_brand?post=100"},{"taxonomy":"product_cat","embeddable":true,"href":"https:\/\/stable-stuff.com\/en\/wp-json\/wp\/v2\/product_cat?post=100"},{"taxonomy":"product_tag","embeddable":true,"href":"https:\/\/stable-stuff.com\/en\/wp-json\/wp\/v2\/product_tag?post=100"}],"curies":[{"name":"wp","href":"https:\/\/api.w.org\/{rel}","templated":true}]}}