{"id":1031,"date":"2024-05-30T00:03:28","date_gmt":"2024-05-30T00:03:28","guid":{"rendered":"https:\/\/stable-stuff.com\/?post_type=product&#038;p=1031"},"modified":"2024-05-10T21:58:59","modified_gmt":"2024-05-10T21:58:59","slug":"knabber-stuff-summer-time","status":"publish","type":"product","link":"https:\/\/stable-stuff.com\/en\/product\/knabber-stuff-summer-time\/","title":{"rendered":"Knabber-Stuff SUMMER TIME"},"content":{"rendered":"<p>Knabberholz war gestern! Mehr als nur ein Pferdespielzeug.<br \/>\nUnser gesunder <strong>Knabber-Stuff<\/strong> <strong>SUMMER TIME<\/strong>\u00a0aus 100% <span style=\"color: #993366;\"><a style=\"color: #993366;\" href=\"https:\/\/stable-stuff.com\/kraeuter-pflanzen\/110\/\" target=\"_blank\" rel=\"noopener\">Luzerne<\/a> und Sommerkr\u00e4utern<\/span>\u00a0ganz ohne Holz, wie bei anderen Anbietern, bietet optimale und nat\u00fcrliche Besch\u00e4ftigung f\u00fcr dein Pferd.<\/p>\n<p>Der <strong>Knabber-Stuff<\/strong> f\u00f6rdert zum knabbern und spielen auf und befriedigt das Bed\u00fcrfnis an etwas herumzukauen. Ebenso wird die Speichelproduktion angeregt und die Verdauung unterst\u00fctzt.<\/p>\n<p><strong>SUMMER TIME<\/strong>, der Sommer kommt und die Natur schaltet um. Der Knabber-Stuff SUMMER TIME stellt dem Pferd eine artgerechte und jahreszeitlich passende Kr\u00e4utervielfalt zur Verf\u00fcgung, so wie es in freier Natur der Fall w\u00e4re.<\/p>\n<h4>Viel mehr als ein Knabberholz!<\/h4>\n<p>Es kann dank der Durchbohrung in der Pferdebox, am Paddock oder auf der Weide, an einem wettergesch\u00fctzten Ort, mit dem mitgelieferten Seil befestigt werden. Stelle aber sicher, dass es kein Verletzungsrisiko f\u00fcr dein Pferd und andere besteht.<\/p>\n<p>Es handelt sich hierbei um ein von Hand gefertigtes Produkt aus Naturmaterialien. Daher k\u00f6nnen sich die einzelnen Produkte geringf\u00fcgig in Gr\u00f6\u00dfe, Form und Farbe unterscheiden. Unser Produkt ist ein Pferdespielzeug und Snack.<\/p>\n<p><strong>Analytische Bestandteile:<\/strong> Rohprotein 17%, Rohfaser 28-31%, Feuchte 6-10%<\/p>\n<p>&nbsp;<\/p>\n<p>Jeweils 2 St\u00fcck pro Seil.<\/p>","protected":false},"excerpt":{"rendered":"<p>Jeweils 2 St\u00fcck.<\/p>\n<ul>\n<li>100% Luzerne natur PUR<\/li>\n<li>OHNE Holz<\/li>\n<li>WENIG Zucker &amp; St\u00e4rke<\/li>\n<li>REICH an Eiwei\u00df und Calcium<\/li>\n<li>Snack &amp; Spielzeug in einem<\/li>\n<li>mit Sommerkr\u00e4utern<\/li>\n<\/ul>\n<p>F\u00fcr eine <strong>artgerechte<\/strong> und <strong>jahreszeitlich passende Kr\u00e4utervielfalt<\/strong>, so wie es in <strong>freier Natur<\/strong> der Fall w\u00e4re.<\/p>\n<p><strong>Spare mit unserem Mengenrabatt.<\/strong><\/p>","protected":false},"featured_media":1595,"comment_status":"open","ping_status":"closed","template":"","meta":[],"product_brand":[],"product_cat":[35],"product_tag":[64,65,60,129,118,67,63,117,126,119,39,124,120,42,41,37,36,38,44,121,127,125,40,122,130,45,47,128,123,46,61,62,66,43,59],"class_list":{"0":"post-1031","1":"product","2":"type-product","3":"status-publish","4":"has-post-thumbnail","6":"product_cat-knabberspielzeug","7":"product_tag-alte-pferde","8":"product_tag-altes-pferd","9":"product_tag-deckhengste","10":"product_tag-eibisch","11":"product_tag-eisenkraut","12":"product_tag-fellwechsel","13":"product_tag-fohlen","14":"product_tag-graeser","15":"product_tag-hibiskus","16":"product_tag-hopfen","17":"product_tag-hotzenklotz","18":"product_tag-kamille","19":"product_tag-karotten","20":"product_tag-knabber-twister","21":"product_tag-knabberholz","22":"product_tag-knabberspass","23":"product_tag-knabberspielzeug","24":"product_tag-knabberspielzeug-fuer-pferde","25":"product_tag-knabberstange","26":"product_tag-kornblume","27":"product_tag-kuemmel","28":"product_tag-lavendel","29":"product_tag-luzerne","30":"product_tag-melisse","31":"product_tag-oel","32":"product_tag-pferd","33":"product_tag-pferde-leckerlie","34":"product_tag-ringelblume","35":"product_tag-rosenblueten","36":"product_tag-snack","37":"product_tag-stuten","38":"product_tag-tragende-stuten","39":"product_tag-weidesaison","40":"product_tag-woodie","41":"product_tag-zucht","43":"first","44":"instock","45":"sale","46":"taxable","47":"shipping-taxable","48":"purchasable","49":"product-type-variable","50":"has-default-attributes"},"_links":{"self":[{"href":"https:\/\/stable-stuff.com\/en\/wp-json\/wp\/v2\/product\/1031","targetHints":{"allow":["GET"]}}],"collection":[{"href":"https:\/\/stable-stuff.com\/en\/wp-json\/wp\/v2\/product"}],"about":[{"href":"https:\/\/stable-stuff.com\/en\/wp-json\/wp\/v2\/types\/product"}],"replies":[{"embeddable":true,"href":"https:\/\/stable-stuff.com\/en\/wp-json\/wp\/v2\/comments?post=1031"}],"version-history":[{"count":3,"href":"https:\/\/stable-stuff.com\/en\/wp-json\/wp\/v2\/product\/1031\/revisions"}],"predecessor-version":[{"id":1543,"href":"https:\/\/stable-stuff.com\/en\/wp-json\/wp\/v2\/product\/1031\/revisions\/1543"}],"wp:featuredmedia":[{"embeddable":true,"href":"https:\/\/stable-stuff.com\/en\/wp-json\/wp\/v2\/media\/1595"}],"wp:attachment":[{"href":"https:\/\/stable-stuff.com\/en\/wp-json\/wp\/v2\/media?parent=1031"}],"wp:term":[{"taxonomy":"product_brand","embeddable":true,"href":"https:\/\/stable-stuff.com\/en\/wp-json\/wp\/v2\/product_brand?post=1031"},{"taxonomy":"product_cat","embeddable":true,"href":"https:\/\/stable-stuff.com\/en\/wp-json\/wp\/v2\/product_cat?post=1031"},{"taxonomy":"product_tag","embeddable":true,"href":"https:\/\/stable-stuff.com\/en\/wp-json\/wp\/v2\/product_tag?post=1031"}],"curies":[{"name":"wp","href":"https:\/\/api.w.org\/{rel}","templated":true}]}}