{"id":1040,"date":"2024-04-08T11:47:18","date_gmt":"2024-04-08T11:47:18","guid":{"rendered":"https:\/\/stable-stuff.com\/?post_type=product&#038;p=1040"},"modified":"2024-05-10T22:08:11","modified_gmt":"2024-05-10T22:08:11","slug":"knabber-stuff-sunny-skin","status":"publish","type":"product","link":"https:\/\/stable-stuff.com\/en\/product\/knabber-stuff-sunny-skin\/","title":{"rendered":"Knabber-Stuff SUNNY SKIN &#8211; Kriebelm\u00fccken Abwehr"},"content":{"rendered":"<p>Knabberholz war gestern! Mehr als nur ein Pferdespielzeug.<br \/>\nUnser gesunder <strong>Knabber-Stuff<\/strong> <strong>SUNNY SKIN<\/strong>\u00a0aus 100% <span style=\"color: #993366;\"><a style=\"color: #993366;\" href=\"https:\/\/stable-stuff.com\/kraeuter-pflanzen\/110\/\" target=\"_blank\" rel=\"noopener\">Luzerne<\/a> und einer weiteren Auswahl an Sommerkr\u00e4utern<\/span>\u00a0ganz ohne Holz, wie bei anderen Anbietern, bietet optimale und nat\u00fcrliche Besch\u00e4ftigung f\u00fcr dein Pferd.<\/p>\n<p>Der <strong>Knabber-Stuff<\/strong> f\u00f6rdert zum knabbern und spielen auf und befriedigt das Bed\u00fcrfnis an etwas herumzukauen. Ebenso wird die Speichelproduktion angeregt und die Verdauung unterst\u00fctzt.<\/p>\n<p><strong>SUNNY SKIN<\/strong>, der Sommer kommt und die Natur schaltet um. Damit kommen auch die M\u00fccken. Der Knabber-Stuff SUNNY SKIN St\u00e4rkt die Kriebelm\u00fccken-Barriere, <strong>die k\u00f6rpereigenen Stoffwechsel- und Abwehrfunktionen<\/strong> der Pferdehaut im Sommer. Zus\u00e4tzlich wird das<b> Immunsystem gest\u00e4rkt.<\/b><\/p>\n<h4>Viel mehr als ein Knabberholz!<\/h4>\n<p>Es kann dank der Durchbohrung in der Pferdebox, am Paddock oder auf der Weide, an einem wettergesch\u00fctzten Ort, mit dem mitgelieferten Seil befestigt werden. Stelle aber sicher, dass es kein Verletzungsrisiko f\u00fcr dein Pferd und andere besteht.<\/p>\n<p>Es handelt sich hierbei um ein von Hand gefertigtes Produkt aus Naturmaterialien. Daher k\u00f6nnen sich die einzelnen Produkte geringf\u00fcgig in Gr\u00f6\u00dfe, Form und Farbe unterscheiden. Unser Produkt ist ein Pferdespielzeug und Snack.<\/p>\n<p><strong>Analytische Bestandteile:<\/strong> Rohprotein 17%, Rohfaser 28-31%, Feuchte 6-10%<\/p>\n<p>&nbsp;<\/p>\n<p>Jeweils 2 St\u00fcck pro Seil.<\/p>","protected":false},"excerpt":{"rendered":"<p>Jeweils 2 St\u00fcck.<\/p>\n<ul>\n<li>100% Luzerne natur PUR<\/li>\n<li>OHNE Holz<\/li>\n<li>WENIG Zucker &amp; St\u00e4rke<\/li>\n<li>REICH an Eiwei\u00df und Calcium<\/li>\n<li>Snack &amp; Spielzeug in einem<\/li>\n<li>mit einer weiteren Auswahl an Sommerkr\u00e4utern<\/li>\n<\/ul>\n<p>&nbsp;<\/p>\n<p>St\u00e4rkt die <strong>Kriebelm\u00fccken-Barriere, die k\u00f6rpereigenen Stoffwechsel- und Abwehrfunktionen<\/strong> der Pferdehaut im Sommer. Zus\u00e4tzlich wird das<b> Immunsystem gest\u00e4rkt.<\/b><\/p>\n<p><strong>Spare mit unserem Mengenrabatt.<\/strong><\/p>","protected":false},"featured_media":1600,"comment_status":"open","ping_status":"closed","template":"","meta":[],"product_brand":[],"product_cat":[35],"product_tag":[133,64,65,70,60,67,63,71,39,42,41,37,36,38,44,135,40,72,45,47,132,46,131,61,134,62,66,43,59],"class_list":{"0":"post-1040","1":"product","2":"type-product","3":"status-publish","4":"has-post-thumbnail","6":"product_cat-knabberspielzeug","7":"product_tag-alge","8":"product_tag-alte-pferde","9":"product_tag-altes-pferd","10":"product_tag-brennnessel","11":"product_tag-deckhengste","12":"product_tag-fellwechsel","13":"product_tag-fohlen","14":"product_tag-hagebutte","15":"product_tag-hotzenklotz","16":"product_tag-knabber-twister","17":"product_tag-knabberholz","18":"product_tag-knabberspass","19":"product_tag-knabberspielzeug","20":"product_tag-knabberspielzeug-fuer-pferde","21":"product_tag-knabberstange","22":"product_tag-liebstoeckel","23":"product_tag-luzerne","24":"product_tag-mariendistel","25":"product_tag-pferd","26":"product_tag-pferde-leckerlie","27":"product_tag-schwarzkuemmel","28":"product_tag-snack","29":"product_tag-stiefmuetterchen","30":"product_tag-stuten","31":"product_tag-tragant","32":"product_tag-tragende-stuten","33":"product_tag-weidesaison","34":"product_tag-woodie","35":"product_tag-zucht","37":"first","38":"instock","39":"sale","40":"taxable","41":"shipping-taxable","42":"purchasable","43":"product-type-variable","44":"has-default-attributes"},"_links":{"self":[{"href":"https:\/\/stable-stuff.com\/en\/wp-json\/wp\/v2\/product\/1040","targetHints":{"allow":["GET"]}}],"collection":[{"href":"https:\/\/stable-stuff.com\/en\/wp-json\/wp\/v2\/product"}],"about":[{"href":"https:\/\/stable-stuff.com\/en\/wp-json\/wp\/v2\/types\/product"}],"replies":[{"embeddable":true,"href":"https:\/\/stable-stuff.com\/en\/wp-json\/wp\/v2\/comments?post=1040"}],"version-history":[{"count":3,"href":"https:\/\/stable-stuff.com\/en\/wp-json\/wp\/v2\/product\/1040\/revisions"}],"predecessor-version":[{"id":1602,"href":"https:\/\/stable-stuff.com\/en\/wp-json\/wp\/v2\/product\/1040\/revisions\/1602"}],"wp:featuredmedia":[{"embeddable":true,"href":"https:\/\/stable-stuff.com\/en\/wp-json\/wp\/v2\/media\/1600"}],"wp:attachment":[{"href":"https:\/\/stable-stuff.com\/en\/wp-json\/wp\/v2\/media?parent=1040"}],"wp:term":[{"taxonomy":"product_brand","embeddable":true,"href":"https:\/\/stable-stuff.com\/en\/wp-json\/wp\/v2\/product_brand?post=1040"},{"taxonomy":"product_cat","embeddable":true,"href":"https:\/\/stable-stuff.com\/en\/wp-json\/wp\/v2\/product_cat?post=1040"},{"taxonomy":"product_tag","embeddable":true,"href":"https:\/\/stable-stuff.com\/en\/wp-json\/wp\/v2\/product_tag?post=1040"}],"curies":[{"name":"wp","href":"https:\/\/api.w.org\/{rel}","templated":true}]}}