{"id":1098,"date":"2024-04-09T09:45:57","date_gmt":"2024-04-09T09:45:57","guid":{"rendered":"https:\/\/stable-stuff.com\/?post_type=product&#038;p=1098"},"modified":"2024-05-10T22:05:27","modified_gmt":"2024-05-10T22:05:27","slug":"knabber-stuff-beet-it","status":"publish","type":"product","link":"https:\/\/stable-stuff.com\/en\/product\/knabber-stuff-beet-it\/","title":{"rendered":"Knabber-Stuff BEET IT &#8211; Immunsystem"},"content":{"rendered":"<p>Knabberholz war gestern! Mehr als nur ein Pferdespielzeug.<br \/>\nUnser gesunder <strong>Knabber-Stuff<\/strong> <strong>BEET IT<\/strong>\u00a0aus 100% <span style=\"color: #993366;\"><strong><a style=\"color: #993366;\" href=\"https:\/\/stable-stuff.com\/kraeuter-pflanzen\/110\/\" target=\"_blank\" rel=\"noopener\">Luzerne<\/a> und <\/strong><span style=\"color: #800080;\"><a style=\"color: #800080;\" href=\"https:\/\/stable-stuff.com\/kraeuter-pflanzen\/rote-beete-fuer-pferde\/\"><strong><span style=\"color: #993366;\">rote Beete<\/span> <\/strong><\/a><\/span><\/span>ganz ohne Holz, wie bei anderen Anbietern, bietet optimale und nat\u00fcrliche Besch\u00e4ftigung f\u00fcr dein Pferd.<\/p>\n<p>Der <strong>Knabber-Stuff<\/strong> f\u00f6rdert zum knabbern und spielen auf und befriedigt das Bed\u00fcrfnis an etwas herumzukauen. Ebenso wird die Speichelproduktion angeregt und die Verdauung unterst\u00fctzt.<\/p>\n<p><strong>BEET IT unterst\u00fctzt den Fellwechsel<\/strong> im Fr\u00fchjahr und Herbst. Es <strong>st\u00e4rkt das Immunsystem<\/strong> und enth\u00e4lt viele Vitamine, Mineralstoffe und Spurenelemente.<\/p>\n<h4>Viel mehr als ein Knabberholz!<\/h4>\n<p>Es kann dank der Durchbohrung in der Pferdebox, am Paddock oder auf der Weide, an einem wettergesch\u00fctzten Ort, mit dem mitgelieferten Seil befestigt werden. Stelle aber sicher, dass es kein Verletzungsrisiko f\u00fcr dein Pferd und andere besteht.<\/p>\n<p>Es handelt sich hierbei um ein von Hand gefertigtes Produkt aus Naturmaterialien. Daher k\u00f6nnen sich die einzelnen Produkte geringf\u00fcgig in Gr\u00f6\u00dfe, Form und Farbe unterscheiden. Unser Produkt ist ein Pferdespielzeug und Snack.<\/p>\n<p><strong>Analytische Bestandteile:<\/strong> Rohprotein 17%, Rohfaser 28-31%, Feuchte 6-10%<\/p>\n<p>&nbsp;<\/p>\n<p>Jeweils 2 St\u00fcck pro Seil.<\/p>","protected":false},"excerpt":{"rendered":"<p>Jeweils 2 St\u00fcck.<\/p>\n<ul>\n<li>100% Luzerne natur PUR<\/li>\n<li>OHNE Holz<\/li>\n<li>WENIG Zucker &amp; St\u00e4rke<\/li>\n<li>REICH an Eiwei\u00df und Calcium<\/li>\n<li>Snack &amp; Spielzeug in einem<\/li>\n<li>mit rote Beete<\/li>\n<\/ul>\n<p>&nbsp;<\/p>\n<p><strong>BEET IT unterst\u00fctzt den Fellwechsel<\/strong> im Fr\u00fchjahr und Herbst. Es <strong>st\u00e4rkt das Immunsystem<\/strong> und enth\u00e4lt viele Vitamine, Mineralstoffe und Spurenelemente.<\/p>\n<p><strong>Spare mit unserem Mengenrabatt.<\/strong><\/p>","protected":false},"featured_media":1597,"comment_status":"open","ping_status":"closed","template":"","meta":[],"product_brand":[],"product_cat":[35],"product_tag":[64,65,60,67,63,39,42,41,37,36,38,44,40,45,47,150,46,61,62,43],"class_list":{"0":"post-1098","1":"product","2":"type-product","3":"status-publish","4":"has-post-thumbnail","6":"product_cat-knabberspielzeug","7":"product_tag-alte-pferde","8":"product_tag-altes-pferd","9":"product_tag-deckhengste","10":"product_tag-fellwechsel","11":"product_tag-fohlen","12":"product_tag-hotzenklotz","13":"product_tag-knabber-twister","14":"product_tag-knabberholz","15":"product_tag-knabberspass","16":"product_tag-knabberspielzeug","17":"product_tag-knabberspielzeug-fuer-pferde","18":"product_tag-knabberstange","19":"product_tag-luzerne","20":"product_tag-pferd","21":"product_tag-pferde-leckerlie","22":"product_tag-rote-beete","23":"product_tag-snack","24":"product_tag-stuten","25":"product_tag-tragende-stuten","26":"product_tag-woodie","28":"first","29":"instock","30":"sale","31":"taxable","32":"shipping-taxable","33":"purchasable","34":"product-type-variable","35":"has-default-attributes"},"_links":{"self":[{"href":"https:\/\/stable-stuff.com\/en\/wp-json\/wp\/v2\/product\/1098","targetHints":{"allow":["GET"]}}],"collection":[{"href":"https:\/\/stable-stuff.com\/en\/wp-json\/wp\/v2\/product"}],"about":[{"href":"https:\/\/stable-stuff.com\/en\/wp-json\/wp\/v2\/types\/product"}],"replies":[{"embeddable":true,"href":"https:\/\/stable-stuff.com\/en\/wp-json\/wp\/v2\/comments?post=1098"}],"version-history":[{"count":3,"href":"https:\/\/stable-stuff.com\/en\/wp-json\/wp\/v2\/product\/1098\/revisions"}],"predecessor-version":[{"id":1599,"href":"https:\/\/stable-stuff.com\/en\/wp-json\/wp\/v2\/product\/1098\/revisions\/1599"}],"wp:featuredmedia":[{"embeddable":true,"href":"https:\/\/stable-stuff.com\/en\/wp-json\/wp\/v2\/media\/1597"}],"wp:attachment":[{"href":"https:\/\/stable-stuff.com\/en\/wp-json\/wp\/v2\/media?parent=1098"}],"wp:term":[{"taxonomy":"product_brand","embeddable":true,"href":"https:\/\/stable-stuff.com\/en\/wp-json\/wp\/v2\/product_brand?post=1098"},{"taxonomy":"product_cat","embeddable":true,"href":"https:\/\/stable-stuff.com\/en\/wp-json\/wp\/v2\/product_cat?post=1098"},{"taxonomy":"product_tag","embeddable":true,"href":"https:\/\/stable-stuff.com\/en\/wp-json\/wp\/v2\/product_tag?post=1098"}],"curies":[{"name":"wp","href":"https:\/\/api.w.org\/{rel}","templated":true}]}}