{"id":1303,"date":"2024-04-24T07:41:49","date_gmt":"2024-04-24T07:41:49","guid":{"rendered":"https:\/\/stable-stuff.com\/?post_type=product&#038;p=1303"},"modified":"2024-04-24T10:29:32","modified_gmt":"2024-04-24T10:29:32","slug":"mauke-creme-von-stable-stuff","status":"publish","type":"product","link":"https:\/\/stable-stuff.com\/en\/product\/mauke-creme-von-stable-stuff\/","title":{"rendered":"Mauke Creme von Stable Stuff 125ml"},"content":{"rendered":"<div class=\"row\">\n<div class=\"col-md-6\">\n<section id=\"c1158\"><strong>Mauke Creme (Wundcreme) von Stable Stuff<br \/>\n<\/strong>Die Mauke Wundcreme von Stable Stuff hat eine antibakterielle und pilzhemmende Eigenschaft. Sie ist optimal zum Abdecken von frischen oder schlecht heilenden Wunden bei Mauke. 13 wertvolle Kr\u00e4uter sind in der Mauke Creme enthalten. Es kann vorkommen, dass Bestandteile wie Bienenwachs als kleine Teilchen auskristallisieren, da wir die Creme selbst herstellen ohne Maschinen. Sollte ein K\u00f6rnchen zu sp\u00fcren sein, dann einfach sanft zur Seite reiben. Sobald die Creme eingezogen ist, l\u00f6st es sich wie von selbst ab.<\/section>\n<section><\/section>\n<section><strong>Die Creme ist frei von Parabenen, Silikon, Propylenglykol, Ethanolamin und Mineral\u00f6l.<\/strong><\/section>\n<p><em>In Zusammenarbeit mit unserer Tier\u00e4rztin und Tierheilpraktikerin.<\/em><\/p>\n<h4>Mauke Creme mit wertvollen Kr\u00e4utern<\/h4>\n<section id=\"c1158\"><strong>ANWENDUNG<br \/>\n<\/strong>Am besten 2 mal t\u00e4glich auf die betroffenen Stellen auftragen. Sooft wiederholen, bis die Haut sich erholt hat.<br \/>\nDie Creme ist nur f\u00fcr den \u00e4u\u00dferlichen Gebrauch geeignet. Nicht auf Schleimh\u00e4uten anwenden. Stets au\u00dferhalb der Reichweite von Kindern aufbewahren.<\/section>\n<p><strong>INHALTSSTOFFE<br \/>\nZeolith <\/strong>Entz\u00fcndungshemmende und antibakterielle Eigenschaften, hilft abgestorbene Hautzellen zu entfernen und die Haut zu gl\u00e4tten<\/p>\n<p><strong>DMSO (Dimethylsulfoxid) <\/strong>entz\u00fcndungshemmend, antioxidativ und schmerzstillend, ausserdem wundheilungsf\u00f6rdernd und antimikrobiell (\u00e4hnliche Eigenschaften wie Propolis)<\/p>\n<p><strong>Kokosnuss\u00f6l <\/strong>feuchtigkeitsspendend, antibakteriell, verbessert die\u00a0Barrierefunktion der\u00a0Haut<\/p>\n<p><strong>Calendula\u00f6l<\/strong> beugt Entz\u00fcndungen vor und f\u00f6rdert die Regeneration der Haut<\/p>\n<p><strong>Bienenwachs <\/strong>wasserabweisend, verstopft aber nicht die Poren, sondern l\u00e4sst Talk abflie\u00dfen. Feuchtigkeitsspendend und regenerativ. Juckreiz und Spannungen lindern sich sofort und die Haut wird wieder geschmeidig.<\/p>\n<p><strong>Nachtkerzen\u00f6l <\/strong>lindert Juckgef\u00fchl, erneuert die gesch\u00e4digte Hautbarriere und normalisiert einen vorliegenden Wasserverlust<\/p>\n<p><strong>Vitamin E <\/strong>sch\u00fctzt die\u00a0<em>Haut<\/em>, liefert Feuchtigkeit und hilft gestresster\u00a0<em>Haut<\/em>\u00a0sich zu regenerieren<\/p>\n<p><strong> Weihrauch <\/strong>stark entz\u00fcndungshemmend und verschafft bei zahlreichen Hautinfektionen Linderung<\/p>\n<p><strong>Myrrhe <\/strong>durchblutungsf\u00f6rdernd, antiseptisch, pilzt\u00f6tend, desinfizierend, entz\u00fcndungshemmend und f\u00f6rdert die Wundheilung, zudem hat sie vitalisierende und hautstraffende Eigenschaften, wehrt Parasiten ab<\/p>\n<p><strong>Beinwell <\/strong>entz\u00fcndungshemmend, schmerzlindernd und f\u00f6rdert die Wundheilung<\/p>\n<p><strong>Purpur-Sonnenhut <\/strong>anti-mikrobielle Eigenschaften, die beruhigend auf die Haut wirken und Juckreiz sowie Spannungen lindern<\/p>\n<p><strong>Indischer Wassernabel <\/strong>strafft die Haut und regt die Durchblutung an<\/p>\n<p><strong>Breitwegerich <\/strong>entz\u00fcndungshemmend und f\u00f6rdert die Wundheilung<strong><br \/>\n<\/strong><\/p>\n<section id=\"c1158\"><em style=\"background-color: var(--global--color-background); color: var(--global--color-primary); font-family: var(--global--font-secondary); font-size: var(--global--font-size-base);\">Handmade with love\u00a0<\/em><\/section>\n<\/div>\n<\/div>","protected":false},"excerpt":{"rendered":"<p><strong>Mauke Creme (Wundcreme) von Stable Stuff<\/strong><\/p>\n<p>Antibakterielle, pilzhemmende und Parasiten Abwehr Wundcreme aus wertvollen Kr\u00e4utern. Ohne Chemie. Sie ist optimal zum Abdecken von frischen oder schlecht heilenden Wunden bei Mauke.<\/p>\n<p><strong>Die Mauke Creme ist frei von Parabenen, Silikon, Propylenglykol, Ethanolamin und Mineral\u00f6l.<\/strong><\/p>","protected":false},"featured_media":1314,"comment_status":"open","ping_status":"closed","template":"","meta":[],"product_brand":[],"product_cat":[193],"product_tag":[186,190,185,191,155,183,181,189,180,187,45,182,46,184,188,192],"class_list":{"0":"post-1303","1":"product","2":"type-product","3":"status-publish","4":"has-post-thumbnail","6":"product_cat-mauke-stuff","7":"product_tag-beinwell","8":"product_tag-bienenwachs","9":"product_tag-breitwegerich","10":"product_tag-calandula","11":"product_tag-cocos","12":"product_tag-cpl","13":"product_tag-creme","14":"product_tag-dmso","15":"product_tag-mauke","16":"product_tag-myrrhe","17":"product_tag-pferd","18":"product_tag-raspe","19":"product_tag-snack","20":"product_tag-sonnenhut","21":"product_tag-weihrauch","22":"product_tag-zeolith","24":"first","25":"instock","26":"taxable","27":"shipping-taxable","28":"purchasable","29":"product-type-simple"},"_links":{"self":[{"href":"https:\/\/stable-stuff.com\/en\/wp-json\/wp\/v2\/product\/1303","targetHints":{"allow":["GET"]}}],"collection":[{"href":"https:\/\/stable-stuff.com\/en\/wp-json\/wp\/v2\/product"}],"about":[{"href":"https:\/\/stable-stuff.com\/en\/wp-json\/wp\/v2\/types\/product"}],"replies":[{"embeddable":true,"href":"https:\/\/stable-stuff.com\/en\/wp-json\/wp\/v2\/comments?post=1303"}],"version-history":[{"count":3,"href":"https:\/\/stable-stuff.com\/en\/wp-json\/wp\/v2\/product\/1303\/revisions"}],"predecessor-version":[{"id":1317,"href":"https:\/\/stable-stuff.com\/en\/wp-json\/wp\/v2\/product\/1303\/revisions\/1317"}],"wp:featuredmedia":[{"embeddable":true,"href":"https:\/\/stable-stuff.com\/en\/wp-json\/wp\/v2\/media\/1314"}],"wp:attachment":[{"href":"https:\/\/stable-stuff.com\/en\/wp-json\/wp\/v2\/media?parent=1303"}],"wp:term":[{"taxonomy":"product_brand","embeddable":true,"href":"https:\/\/stable-stuff.com\/en\/wp-json\/wp\/v2\/product_brand?post=1303"},{"taxonomy":"product_cat","embeddable":true,"href":"https:\/\/stable-stuff.com\/en\/wp-json\/wp\/v2\/product_cat?post=1303"},{"taxonomy":"product_tag","embeddable":true,"href":"https:\/\/stable-stuff.com\/en\/wp-json\/wp\/v2\/product_tag?post=1303"}],"curies":[{"name":"wp","href":"https:\/\/api.w.org\/{rel}","templated":true}]}}