{"id":1555,"date":"2024-05-10T22:01:54","date_gmt":"2024-05-10T22:01:54","guid":{"rendered":"https:\/\/stable-stuff.com\/?post_type=product&#038;p=1555"},"modified":"2024-05-10T22:01:55","modified_gmt":"2024-05-10T22:01:55","slug":"knabber-stuff-breathe-ease","status":"publish","type":"product","link":"https:\/\/stable-stuff.com\/en\/product\/knabber-stuff-breathe-ease\/","title":{"rendered":"Knabber-Stuff BREATHE EASE &#8211; Atemwege"},"content":{"rendered":"<p>Knabberholz war gestern! Mehr als nur ein Pferdespielzeug.<br \/>\nUnser gesunder <strong>Knabber-Stuff<\/strong> <strong>BREATHE EASE<\/strong>\u00a0aus 100% <span style=\"color: #993366;\"><a style=\"color: #993366;\" href=\"https:\/\/stable-stuff.com\/kraeuter-pflanzen\/110\/\" target=\"_blank\" rel=\"noopener\">Luzerne<\/a> und Kr\u00e4utern z<\/span>ur <strong>St\u00e4rkung der Atemwege<\/strong>, speziell f\u00fcr <strong>Atemschwierigkeiten<\/strong> und <strong>Husten<\/strong>.<\/p>\n<p>Ganz ohne Holz, wie bei anderen Anbietern, bietet optimale und nat\u00fcrliche Besch\u00e4ftigung f\u00fcr dein Pferd.<\/p>\n<p>Der <strong>Knabber-Stuff<\/strong> f\u00f6rdert zum knabbern und spielen auf und befriedigt das Bed\u00fcrfnis an etwas herumzukauen. Ebenso wird die Speichelproduktion angeregt und die Verdauung unterst\u00fctzt.<\/p>\n<p><strong>BREATHE EASE <\/strong>st\u00e4rkt die k\u00f6rpereigenen Funktion der <strong>Atemwege. <\/strong>Dieser Knabber Stuff ist daher speziell bei Atemschwierigkeiten und Husten, durch beispielsweise staubiges Heu oder Stroh in St\u00e4llen, trockene Luft, Allergien, Infektionen oder \u00e4hnliches geeignet.<\/p>\n<h4>Knabber-Stuff statt Knabberholz!<\/h4>\n<p>Es kann dank der Durchbohrung in der Pferdebox, am Paddock oder auf der Weide, an einem wettergesch\u00fctzten Ort, mit dem mitgelieferten Seil befestigt werden. Stelle aber sicher, dass es kein Verletzungsrisiko f\u00fcr dein Pferd und andere besteht.<\/p>\n<p>Es handelt sich hierbei um ein von Hand gefertigtes Produkt aus Naturmaterialien. Daher k\u00f6nnen sich die einzelnen Produkte geringf\u00fcgig in Gr\u00f6\u00dfe, Form und Farbe unterscheiden. Unser Produkt ist ein Pferdespielzeug und Snack.<\/p>\n<p><strong>Analytische Bestandteile:<\/strong> Rohprotein 17%, Rohfaser 28-31%, Feuchte 6-10%<\/p>\n<p>&nbsp;<\/p>\n<p>Jeweils 2 St\u00fcck pro Seil.<\/p>","protected":false},"excerpt":{"rendered":"<p>Jeweils 2 St\u00fcck.<\/p>\n<ul>\n<li>100% Luzerne natur PUR<\/li>\n<li>OHNE Holz<\/li>\n<li>WENIG Zucker &amp; St\u00e4rke<\/li>\n<li>REICH an Eiwei\u00df und Calcium<\/li>\n<li>Snack &amp; Spielzeug in einem<\/li>\n<li>mit\u00a0 Kr\u00e4utern speziell f\u00fcr Atemwegsprobleme und Husten<\/li>\n<\/ul>\n<p>&nbsp;<\/p>\n<p>&nbsp;<\/p>\n<p>Zur <strong>St\u00e4rkung der Atemwege<\/strong>, speziell f\u00fcr <strong>Atemschwierigkeiten<\/strong> und <strong>Husten<\/strong>.<\/p>\n<p>&nbsp;<\/p>\n<p><strong>Spare mit unserem Mengenrabatt.<\/strong><\/p>","protected":false},"featured_media":1596,"comment_status":"open","ping_status":"closed","template":"","meta":[],"product_brand":[],"product_cat":[35],"product_tag":[64,65,223,216,215,60,218,219,63,39,217,222,124,42,41,37,36,38,44,40,45,47,132,46,221,61,220,62,43,59],"class_list":{"0":"post-1555","1":"product","2":"type-product","3":"status-publish","4":"has-post-thumbnail","6":"product_cat-knabberspielzeug","7":"product_tag-alte-pferde","8":"product_tag-altes-pferd","9":"product_tag-anis","10":"product_tag-atemwege","11":"product_tag-bronchien","12":"product_tag-deckhengste","13":"product_tag-eukalyptus","14":"product_tag-fenchel","15":"product_tag-fohlen","16":"product_tag-hotzenklotz","17":"product_tag-husten","18":"product_tag-islaendisch-moos","19":"product_tag-kamille","20":"product_tag-knabber-twister","21":"product_tag-knabberholz","22":"product_tag-knabberspass","23":"product_tag-knabberspielzeug","24":"product_tag-knabberspielzeug-fuer-pferde","25":"product_tag-knabberstange","26":"product_tag-luzerne","27":"product_tag-pferd","28":"product_tag-pferde-leckerlie","29":"product_tag-schwarzkuemmel","30":"product_tag-snack","31":"product_tag-spitzwegerich","32":"product_tag-stuten","33":"product_tag-thymian","34":"product_tag-tragende-stuten","35":"product_tag-woodie","36":"product_tag-zucht","38":"first","39":"instock","40":"sale","41":"taxable","42":"shipping-taxable","43":"purchasable","44":"product-type-variable","45":"has-default-attributes"},"_links":{"self":[{"href":"https:\/\/stable-stuff.com\/en\/wp-json\/wp\/v2\/product\/1555","targetHints":{"allow":["GET"]}}],"collection":[{"href":"https:\/\/stable-stuff.com\/en\/wp-json\/wp\/v2\/product"}],"about":[{"href":"https:\/\/stable-stuff.com\/en\/wp-json\/wp\/v2\/types\/product"}],"replies":[{"embeddable":true,"href":"https:\/\/stable-stuff.com\/en\/wp-json\/wp\/v2\/comments?post=1555"}],"version-history":[{"count":3,"href":"https:\/\/stable-stuff.com\/en\/wp-json\/wp\/v2\/product\/1555\/revisions"}],"predecessor-version":[{"id":1569,"href":"https:\/\/stable-stuff.com\/en\/wp-json\/wp\/v2\/product\/1555\/revisions\/1569"}],"wp:featuredmedia":[{"embeddable":true,"href":"https:\/\/stable-stuff.com\/en\/wp-json\/wp\/v2\/media\/1596"}],"wp:attachment":[{"href":"https:\/\/stable-stuff.com\/en\/wp-json\/wp\/v2\/media?parent=1555"}],"wp:term":[{"taxonomy":"product_brand","embeddable":true,"href":"https:\/\/stable-stuff.com\/en\/wp-json\/wp\/v2\/product_brand?post=1555"},{"taxonomy":"product_cat","embeddable":true,"href":"https:\/\/stable-stuff.com\/en\/wp-json\/wp\/v2\/product_cat?post=1555"},{"taxonomy":"product_tag","embeddable":true,"href":"https:\/\/stable-stuff.com\/en\/wp-json\/wp\/v2\/product_tag?post=1555"}],"curies":[{"name":"wp","href":"https:\/\/api.w.org\/{rel}","templated":true}]}}