{"id":1617,"date":"2024-05-22T11:16:38","date_gmt":"2024-05-22T11:16:38","guid":{"rendered":"https:\/\/stable-stuff.com\/?post_type=product&#038;p=1617"},"modified":"2024-07-03T10:03:09","modified_gmt":"2024-07-03T10:03:09","slug":"knabber-stuff-disney-princes-dornroeschen","status":"publish","type":"product","link":"https:\/\/stable-stuff.com\/en\/product\/knabber-stuff-disney-princes-dornroeschen\/","title":{"rendered":"Knabber-Stuff Disney Princess &#8211; Dornr\u00f6schen"},"content":{"rendered":"<p>Knabberholz war gestern! Mehr als nur ein Pferdespielzeug.<br \/>\nUnser gesunder Disney Princess <strong>Knabber-Stuff<\/strong> DORNR\u00d6SCHEN aus 100% <span style=\"color: #993366;\"><a style=\"color: #993366;\" href=\"https:\/\/stable-stuff.com\/kraeuter-pflanzen\/110\/\" target=\"_blank\" rel=\"noopener\">Luzerne<\/a> und Dornr\u00f6schen Kr\u00e4utern<\/span>\u00a0ganz ohne Holz, wie bei anderen Anbietern, bietet optimale und nat\u00fcrliche Besch\u00e4ftigung f\u00fcr dein Pferd.<\/p>\n<p>Der <strong>Knabber-Stuff<\/strong> f\u00f6rdert zum knabbern und spielen auf und befriedigt das Bed\u00fcrfnis an etwas herumzukauen. Ebenso wird die Speichelproduktion angeregt und die Verdauung unterst\u00fctzt.<\/p>\n<div class=\"ql-block\" data-block-id=\"block-c06e3f13-2f04-4b77-af89-9c294203f53c\">Unser Knabber Stuff enth\u00e4lt eine magische Mischung aus <strong>Rosenbl\u00fcten, roter Beete, Hibiskus und Kokosflocken mit Himbeer Geschmack<\/strong>.<\/div>\n<div class=\"ql-block\" data-block-id=\"block-c06e3f13-2f04-4b77-af89-9c294203f53c\">Diese spezielle Kombination wurde von den drei guten Feen Flora, Fauna und Merryweather kreiert, um deine geliebte Prinzessin gl\u00fccklich zu machen und sie vor b\u00f6sen Fl\u00fcchen zu sch\u00fctzen.<\/div>\n<div data-block-id=\"block-c06e3f13-2f04-4b77-af89-9c294203f53c\"><\/div>\n<div class=\"ql-block\" data-block-id=\"block-7451a63a-eab0-4aab-9b9f-4bddb9c6b1c1\">Wie Aurora in einen tiefen Schlaf fiel und nur durch einen Kuss erweckt werden konnte, wird auch dein Pferd von diesem leckeren Knabber Stuff begeistert sein. Die zarten Rosenbl\u00fcten verleihen dem Knabber Stuff einen herrlich blumigen Geschmack, w\u00e4hrend die rote Beete und Himbeeren f\u00fcr eine k\u00f6stliche und gesunde Abwechslung sorgen.<\/div>\n<h4>Knabber-Stuff f\u00fcr eine Prinzessin!<\/h4>\n<p>Es kann dank der Durchbohrung in der Pferdebox, am Paddock oder auf der Weide, an einem wettergesch\u00fctzten Ort, mit dem mitgelieferten Seil befestigt werden. Stelle aber sicher, dass es kein Verletzungsrisiko f\u00fcr dein Pferd und andere besteht.<\/p>\n<p>Es handelt sich hierbei um ein von Hand gefertigtes Produkt aus Naturmaterialien. Daher k\u00f6nnen sich die einzelnen Produkte geringf\u00fcgig in Gr\u00f6\u00dfe, Form und Farbe unterscheiden. Unser Produkt ist ein Pferdespielzeug und Snack.<\/p>\n<p><strong>Analytische Bestandteile:<\/strong> Rohprotein 17%, Rohfaser 28-31%, Feuchte 6-10%<\/p>\n<p>&nbsp;<\/p>\n<p>Jeweils 1 St\u00fcck.<\/p>","protected":false},"excerpt":{"rendered":"<ul>\n<li>100% Luzerne natur PUR<\/li>\n<li>OHNE Holz<\/li>\n<li>WENIG Zucker &amp; St\u00e4rke<\/li>\n<li>REICH an Eiwei\u00df und Calcium<\/li>\n<li>Snack &amp; Spielzeug in einem<\/li>\n<li>mit Dornr\u00f6schen Kr\u00e4utern<\/li>\n<li>gr\u00f6\u00dfer als die die anderen Knabber-Stuffs<\/li>\n<li>L\u00e4nge: 35cm<\/li>\n<\/ul>\n<p>Verw\u00f6hne dein Pferd mit unserem <strong>Disney Princess Knabber Stuff DORNR\u00d6SCHEN<\/strong>\u00a0und lass es sich wie eine echte Prinzessin f\u00fchlen!<\/p>","protected":false},"featured_media":1618,"comment_status":"open","ping_status":"closed","template":"","meta":[],"product_brand":[],"product_cat":[35],"product_tag":[126,229,42,41,37,36,38,44,228,40,130,45,47,123,150,46,43],"class_list":{"0":"post-1617","1":"product","2":"type-product","3":"status-publish","4":"has-post-thumbnail","6":"product_cat-knabberspielzeug","7":"product_tag-hibiskus","8":"product_tag-himbeer","9":"product_tag-knabber-twister","10":"product_tag-knabberholz","11":"product_tag-knabberspass","12":"product_tag-knabberspielzeug","13":"product_tag-knabberspielzeug-fuer-pferde","14":"product_tag-knabberstange","15":"product_tag-kokos","16":"product_tag-luzerne","17":"product_tag-oel","18":"product_tag-pferd","19":"product_tag-pferde-leckerlie","20":"product_tag-rosenblueten","21":"product_tag-rote-beete","22":"product_tag-snack","23":"product_tag-woodie","25":"first","26":"instock","27":"taxable","28":"shipping-taxable","29":"purchasable","30":"product-type-simple"},"_links":{"self":[{"href":"https:\/\/stable-stuff.com\/en\/wp-json\/wp\/v2\/product\/1617","targetHints":{"allow":["GET"]}}],"collection":[{"href":"https:\/\/stable-stuff.com\/en\/wp-json\/wp\/v2\/product"}],"about":[{"href":"https:\/\/stable-stuff.com\/en\/wp-json\/wp\/v2\/types\/product"}],"replies":[{"embeddable":true,"href":"https:\/\/stable-stuff.com\/en\/wp-json\/wp\/v2\/comments?post=1617"}],"version-history":[{"count":3,"href":"https:\/\/stable-stuff.com\/en\/wp-json\/wp\/v2\/product\/1617\/revisions"}],"predecessor-version":[{"id":1621,"href":"https:\/\/stable-stuff.com\/en\/wp-json\/wp\/v2\/product\/1617\/revisions\/1621"}],"wp:featuredmedia":[{"embeddable":true,"href":"https:\/\/stable-stuff.com\/en\/wp-json\/wp\/v2\/media\/1618"}],"wp:attachment":[{"href":"https:\/\/stable-stuff.com\/en\/wp-json\/wp\/v2\/media?parent=1617"}],"wp:term":[{"taxonomy":"product_brand","embeddable":true,"href":"https:\/\/stable-stuff.com\/en\/wp-json\/wp\/v2\/product_brand?post=1617"},{"taxonomy":"product_cat","embeddable":true,"href":"https:\/\/stable-stuff.com\/en\/wp-json\/wp\/v2\/product_cat?post=1617"},{"taxonomy":"product_tag","embeddable":true,"href":"https:\/\/stable-stuff.com\/en\/wp-json\/wp\/v2\/product_tag?post=1617"}],"curies":[{"name":"wp","href":"https:\/\/api.w.org\/{rel}","templated":true}]}}