{"id":1804,"date":"2024-06-02T14:13:28","date_gmt":"2024-06-02T14:13:28","guid":{"rendered":"https:\/\/stable-stuff.com\/?post_type=product&#038;p=1804"},"modified":"2024-06-02T14:40:00","modified_gmt":"2024-06-02T14:40:00","slug":"capple-paddock-poppers-energy-balls-200g","status":"publish","type":"product","link":"https:\/\/stable-stuff.com\/en\/product\/capple-paddock-poppers-energy-balls-200g\/","title":{"rendered":"Capple &#8211; Paddock Poppers Energy Balls 200g"},"content":{"rendered":"<h3><strong>Capple Paddock Poppers \u2013 Die perfekte Belohnung f\u00fcr dein Pferd!<\/strong><\/h3>\n<p>Verw\u00f6hne dein Pferd mit den k\u00f6stlichen Capple Paddock Poppers, der neuen Leckerbissen-Kreation aus unserer Paddock Poppers Serie! Diese unwiderstehlichen Snacks sind eine ideale Belohnung f\u00fcr dein geliebtes Pferd, ob nach dem Training, als kleiner Snack zwischendurch oder einfach nur, um ihm eine Freude zu machen.<\/p>\n<p><strong>Warum Capple Paddock Poppers?<\/strong><\/p>\n<p>\ud83c\udf4f <strong>Fruchtige \u00c4pfel<\/strong>: Leckerer Apfelgeschmack in unseren Poppers bietet eine nat\u00fcrliche S\u00fc\u00dfe und sind reich an Vitaminen, die das Immunsystem deines Pferdes st\u00e4rken.<\/p>\n<p>\ud83e\udd55 <strong>Knackige Karotten<\/strong>: Vollgepackt mit Beta-Carotin und Ballaststoffen unterst\u00fctzen Karotten die Verdauung und f\u00f6rdern eine gesunde Haut und gl\u00e4nzendes Fell.<\/p>\n<p>\ud83c\udf3f <strong>Nat\u00fcrliche Zutaten<\/strong>: Unsere Capple Poppers bestehen aus sorgf\u00e4ltig ausgew\u00e4hlten, nat\u00fcrlichen Zutaten ohne k\u00fcnstliche Zus\u00e4tze. Sie sind frei von Zucker, Konservierungsstoffen und Farbstoffen.<\/p>\n<p>\ud83e\udd55 <strong>Knusprig und lecker<\/strong>: Die einzigartige Kombination aus Apfel und Karotte verleiht diesen Poppers einen unwiderstehlichen Geschmack und eine angenehme Textur, die dein Pferd lieben wird.<\/p>\n<p><strong>Vorteile auf einen Blick:<\/strong><\/p>\n<ul>\n<li><strong>Nat\u00fcrliche Inhaltsstoffe<\/strong>: Hergestellt aus frischen \u00c4pfeln und knackigen Karotten.<\/li>\n<li><strong>Gesund und lecker<\/strong>: Eine schmackhafte Belohnung, die gleichzeitig gesund ist.<\/li>\n<li><strong>Praktisch und handlich<\/strong>: Perfekt portioniert f\u00fcr unterwegs oder die schnelle Belohnung im Stall.<\/li>\n<li><strong>F\u00f6rdert das Wohlbefinden<\/strong>: Unterst\u00fctzt die Verdauung und das Immunsystem deines Pferdes.<\/li>\n<\/ul>\n<p><strong>Verw\u00f6hne dein Pferd mit den Capple Paddock Poppers und sorge f\u00fcr strahlende Augen und zufriedenes Schnauben!<\/strong> Hol dir jetzt die perfekte Belohnung f\u00fcr dein Pferd und zeige ihm, wie sehr du es sch\u00e4tzt!<\/p>","protected":false},"excerpt":{"rendered":"<h3>Capple Paddock Poppers f\u00fcr dein Pferd und f\u00fcr dich!<\/h3>\n<p>200 Gramm<\/p>\n<p>10-12 Paddock Poppers<\/p>\n<p><strong>Verw\u00f6hne dein Pferd mit den Capple Paddock Poppers und sorge f\u00fcr strahlende Augen und zufriedenes Schnauben!<\/strong><\/p>\n<p>Hol dir jetzt die perfekte Belohnung f\u00fcr dein Pferd und zeige ihm, wie sehr du es sch\u00e4tzt!<\/p>","protected":false},"featured_media":1806,"comment_status":"closed","ping_status":"closed","template":"","meta":[],"product_brand":[],"product_cat":[230],"product_tag":[241,240,237,236,238,243,242,234,239,235],"class_list":{"0":"post-1804","1":"product","2":"type-product","3":"status-publish","4":"has-post-thumbnail","6":"product_cat-candy-shop","7":"product_tag-apfel","8":"product_tag-apple","9":"product_tag-balls","10":"product_tag-energy","11":"product_tag-energy-balls","12":"product_tag-karotte","13":"product_tag-moehren","14":"product_tag-paddock","15":"product_tag-paddock-poppers","16":"product_tag-poppers","18":"first","19":"instock","20":"taxable","21":"shipping-taxable","22":"purchasable","23":"product-type-simple"},"_links":{"self":[{"href":"https:\/\/stable-stuff.com\/en\/wp-json\/wp\/v2\/product\/1804","targetHints":{"allow":["GET"]}}],"collection":[{"href":"https:\/\/stable-stuff.com\/en\/wp-json\/wp\/v2\/product"}],"about":[{"href":"https:\/\/stable-stuff.com\/en\/wp-json\/wp\/v2\/types\/product"}],"replies":[{"embeddable":true,"href":"https:\/\/stable-stuff.com\/en\/wp-json\/wp\/v2\/comments?post=1804"}],"version-history":[{"count":2,"href":"https:\/\/stable-stuff.com\/en\/wp-json\/wp\/v2\/product\/1804\/revisions"}],"predecessor-version":[{"id":1809,"href":"https:\/\/stable-stuff.com\/en\/wp-json\/wp\/v2\/product\/1804\/revisions\/1809"}],"wp:featuredmedia":[{"embeddable":true,"href":"https:\/\/stable-stuff.com\/en\/wp-json\/wp\/v2\/media\/1806"}],"wp:attachment":[{"href":"https:\/\/stable-stuff.com\/en\/wp-json\/wp\/v2\/media?parent=1804"}],"wp:term":[{"taxonomy":"product_brand","embeddable":true,"href":"https:\/\/stable-stuff.com\/en\/wp-json\/wp\/v2\/product_brand?post=1804"},{"taxonomy":"product_cat","embeddable":true,"href":"https:\/\/stable-stuff.com\/en\/wp-json\/wp\/v2\/product_cat?post=1804"},{"taxonomy":"product_tag","embeddable":true,"href":"https:\/\/stable-stuff.com\/en\/wp-json\/wp\/v2\/product_tag?post=1804"}],"curies":[{"name":"wp","href":"https:\/\/api.w.org\/{rel}","templated":true}]}}