{"id":892,"date":"2024-04-01T13:26:03","date_gmt":"2024-04-01T13:26:03","guid":{"rendered":"https:\/\/stable-stuff.com\/?post_type=product&#038;p=892"},"modified":"2024-04-24T19:02:35","modified_gmt":"2024-04-24T19:02:35","slug":"knabber-stuff-zink-bomben","status":"publish","type":"product","link":"https:\/\/stable-stuff.com\/en\/product\/knabber-stuff-zink-bomben\/","title":{"rendered":"Knabber-Stuff ZINK BOMBEN"},"content":{"rendered":"<p>Zink Bomben zur Unterst\u00fctzung im Fellwechsel, gerade jetzt im Fr\u00fchjahr sehr wichtig. Sie wirken dem Mangel entgegen und f\u00f6rdern die Regenerierung von bereits gesch\u00e4digter Haut, Fell und Hufen.<\/p>\n<p>Extrem wichtig f\u00fcr Pferde mit Mauke Ekzem oder Hufproblemen.<\/p>\n<p>\u27a1\ufe0f Unterst\u00fctzt den Fellwechsel, gesunde Haut und Hufe<br \/>\n\u27a1\ufe0f Unterst\u00fctzt die Immumabwehr und dir Wundheilung<br \/>\n\u27a1\ufe0f Einfach 4 St\u00fcck am Tag verf\u00fcttern<br \/>\n\u27a1\ufe0f kein Futter anr\u00fchren mehr n\u00f6tig<br \/>\n\u27a1\ufe0f Spart Zeit und Geld<br \/>\n\u27a1\ufe0f als Kur f\u00fcr ca. 8 Wochen verwenden<\/p>\n<p>Du kannst bei den Variationen ausw\u00e4hlen, ob du einen weiteren Zusatz in der Zink Bombe haben m\u00f6chtest. Wenn du nicht findest was du ben\u00f6tigst, schreib uns gerne.<\/p>\n<p>Die Zink-Bomben werden jeweils auf Bestellung liebevoll von Hand angefertigt.<\/p>\n<p>Es handelt sich hierbei um ein von Hand gefertigtes Produkt aus Naturmaterialien. Daher k\u00f6nnen sich die einzelnen Produkte geringf\u00fcgig in Gr\u00f6\u00dfe, Form und Farbe unterscheiden.<\/p>\n<p>16 St\u00fcck f\u00fcr 4 Tage. Jeden Tag 4 St\u00fcck verf\u00fcttern.<\/p>","protected":false},"excerpt":{"rendered":"<p>\u27a1\ufe0f Unterst\u00fctzt den Fellwechsel, gesunde Haut und Hufe<br \/>\n\u27a1\ufe0f Unterst\u00fctzt die Immumabwehr und dir Wundheilung<br \/>\n\u27a1\ufe0f Einfach 4 St\u00fcck am Tag verf\u00fcttern<br \/>\n\u27a1\ufe0f kein Futter anr\u00fchren mehr n\u00f6tig<br \/>\n\u27a1\ufe0f Spart Zeit und Geld<br \/>\n\u27a1\ufe0f als Kur f\u00fcr ca. 8 Wochen verwenden<\/p>\n<p>Du kannst bei den Variationen ausw\u00e4hlen, ob du einen weiteren Zusatz in der Zink Bombe haben m\u00f6chtest. Wenn du nicht findest was du ben\u00f6tigst, schreib uns gerne.<\/p>\n<p><strong>Spare mit unserem Mengenrabatt.<\/strong><\/p>","protected":false},"featured_media":889,"comment_status":"open","ping_status":"closed","template":"","meta":[],"product_brand":[],"product_cat":[90],"product_tag":[64,65,60,63,37,36,38,44,45,47,46,61,62,76,105,59],"class_list":{"0":"post-892","1":"product","2":"type-product","3":"status-publish","4":"has-post-thumbnail","6":"product_cat-other-stuff","7":"product_tag-alte-pferde","8":"product_tag-altes-pferd","9":"product_tag-deckhengste","10":"product_tag-fohlen","11":"product_tag-knabberspass","12":"product_tag-knabberspielzeug","13":"product_tag-knabberspielzeug-fuer-pferde","14":"product_tag-knabberstange","15":"product_tag-pferd","16":"product_tag-pferde-leckerlie","17":"product_tag-snack","18":"product_tag-stuten","19":"product_tag-tragende-stuten","20":"product_tag-verdauung","21":"product_tag-zink","22":"product_tag-zucht","24":"first","25":"instock","26":"sale","27":"taxable","28":"shipping-taxable","29":"purchasable","30":"product-type-variable","31":"has-default-attributes"},"_links":{"self":[{"href":"https:\/\/stable-stuff.com\/en\/wp-json\/wp\/v2\/product\/892","targetHints":{"allow":["GET"]}}],"collection":[{"href":"https:\/\/stable-stuff.com\/en\/wp-json\/wp\/v2\/product"}],"about":[{"href":"https:\/\/stable-stuff.com\/en\/wp-json\/wp\/v2\/types\/product"}],"replies":[{"embeddable":true,"href":"https:\/\/stable-stuff.com\/en\/wp-json\/wp\/v2\/comments?post=892"}],"version-history":[{"count":2,"href":"https:\/\/stable-stuff.com\/en\/wp-json\/wp\/v2\/product\/892\/revisions"}],"predecessor-version":[{"id":906,"href":"https:\/\/stable-stuff.com\/en\/wp-json\/wp\/v2\/product\/892\/revisions\/906"}],"wp:featuredmedia":[{"embeddable":true,"href":"https:\/\/stable-stuff.com\/en\/wp-json\/wp\/v2\/media\/889"}],"wp:attachment":[{"href":"https:\/\/stable-stuff.com\/en\/wp-json\/wp\/v2\/media?parent=892"}],"wp:term":[{"taxonomy":"product_brand","embeddable":true,"href":"https:\/\/stable-stuff.com\/en\/wp-json\/wp\/v2\/product_brand?post=892"},{"taxonomy":"product_cat","embeddable":true,"href":"https:\/\/stable-stuff.com\/en\/wp-json\/wp\/v2\/product_cat?post=892"},{"taxonomy":"product_tag","embeddable":true,"href":"https:\/\/stable-stuff.com\/en\/wp-json\/wp\/v2\/product_tag?post=892"}],"curies":[{"name":"wp","href":"https:\/\/api.w.org\/{rel}","templated":true}]}}